{"id":739,"date":"2017-01-24T12:55:36","date_gmt":"2017-01-24T11:55:36","guid":{"rendered":"http:\/\/geppawine.it\/it\/?page_id=739"},"modified":"2025-02-17T10:11:48","modified_gmt":"2025-02-17T09:11:48","slug":"dati-societari","status":"publish","type":"page","link":"https:\/\/www.neurowebdesign.it\/it\/dati-societari\/","title":{"rendered":"Dati societari"},"content":{"rendered":"<div class=\"wpb-content-wrapper\">[vc_row full_width=&#8221;stretch_row_content_no_spaces&#8221;][vc_column]\n\t\t\t<!-- START Dati Societari REVOLUTION SLIDER 6.7.34 --><p class=\"rs-p-wp-fix\"><\/p>\n\t\t\t<rs-module-wrap id=\"rev_slider_66_1_wrapper\" data-source=\"gallery\" style=\"visibility:hidden;background:transparent;padding:0;margin:0px auto;margin-top:0;margin-bottom:0;\">\n\t\t\t\t<rs-module id=\"rev_slider_66_1\" style=\"\" data-version=\"6.7.34\">\n\t\t\t\t\t<rs-slides style=\"overflow: hidden; position: absolute;\">\n\t\t\t\t\t\t<rs-slide style=\"position: absolute;\" data-key=\"rs-105\" data-title=\"Slide\" data-duration=\"7000\" data-anim=\"r:0;\" data-in=\"o:0;\" data-out=\"a:false;\">\n\t\t\t\t\t\t\t<img decoding=\"async\" src=\"\/\/www.neurowebdesign.it\/wp-content\/plugins\/revslider\/sr6\/assets\/assets\/dummy.png\" alt=\"\" title=\"Dati societari\" class=\"rev-slidebg tp-rs-img rs-lazyload\" data-lazyload=\"\/\/www.neurowebdesign.it\/wp-content\/uploads\/2017\/07\/Sfondo-testimonianze-e1499421323697.jpg\" data-parallax=\"off\" data-no-retina>\n<!--\n\t\t\t\t\t\t\t--><h1\n\t\t\t\t\t\t\t\tid=\"slider-66-slide-105-layer-1\" \n\t\t\t\t\t\t\t\tclass=\"rs-layer\"\n\t\t\t\t\t\t\t\tdata-type=\"text\"\n\t\t\t\t\t\t\t\tdata-color=\"rgba(255,255,255,1)\"\n\t\t\t\t\t\t\t\tdata-rsp_ch=\"on\"\n\t\t\t\t\t\t\t\tdata-xy=\"x:c;y:m;\"\n\t\t\t\t\t\t\t\tdata-text=\"s:60,50,40,30;l:65,55,45,35;fw:300;\"\n\t\t\t\t\t\t\t\tdata-frame_1=\"e:power2.inOut;sp:150;\"\n\t\t\t\t\t\t\t\tdata-frame_999=\"o:0;e:nothing;st:w;sp:1.875;\"\n\t\t\t\t\t\t\t\tstyle=\"z-index:5;font-family:'Raleway';\"\n\t\t\t\t\t\t\t>Dati Societari \n\t\t\t\t\t\t\t<\/h1><!--\n-->\t\t\t\t\t<\/rs-slide>\n\t\t\t\t\t<\/rs-slides>\n\t\t\t\t<\/rs-module>\n\t\t\t\t<script>\n\t\t\t\t\tsetREVStartSize({c: 'rev_slider_66_1',rl:[1240,1024,778,480],el:[400,300,250,199],gw:[1920,1024,778,480],gh:[400,300,250,200],type:'hero',justify:'',layout:'fullwidth',mh:\"0\"});if (window.RS_MODULES!==undefined && window.RS_MODULES.modules!==undefined && window.RS_MODULES.modules[\"revslider661\"]!==undefined) {window.RS_MODULES.modules[\"revslider661\"].once = false;window.revapi66 = undefined;if (window.RS_MODULES.checkMinimal!==undefined) window.RS_MODULES.checkMinimal()}\n\t\t\t\t<\/script>\n\t\t\t<\/rs-module-wrap>\n\t\t\t<!-- END REVOLUTION SLIDER -->\n[\/vc_column][\/vc_row][vc_row][vc_column][vc_empty_space][\/vc_column][\/vc_row][vc_row][vc_column width=&#8221;1\/2&#8243;][vc_column_text]<b>Sede legale:<\/b>\r\nNeuroWebDesign Srl\r\nvia Marconi, 6\r\n31040 Chiarano (TV)\r\n\r\nP. Iva \/ C.F.: 04870360262\r\nCap. soc. \u20ac. 10.000,00\r\n\r\nTel.<a href=\"tel:+390422746265\">+39.0422.746265<\/a>\r\nFax. +39.0422.746265\r\ne-mail: <a href=\"mailto:info@neurowebdesign.it\">info@neurowebdesign.it<\/a>[\/vc_column_text][\/vc_column][vc_column width=&#8221;1\/2&#8243;][vc_column_text]<b>Sede operativa:<\/b>\r\nvia Germania, 3\r\n35010 Vigonza (PD)\r\n\r\npresso gli uffici di Jampaa srl[\/vc_column_text][\/vc_column][\/vc_row][vc_row][vc_column][vc_column_text]NeuroWebDesign Srl \u00e8 una societ\u00e0 iscritta nell&#8217;apposita sezione speciale del registro delle imprese in qualit\u00e0 di <a href=\"http:\/\/startup.registroimprese.it\/isin\/dettaglioStartup?5&amp;id=KXU3bCJQBfS92AJOXqJVKg%2BWN%2B3mCCMhxqwlUwzhow%3D%3D\">START-UP INNOVATIVA<\/a>[\/vc_column_text][\/vc_column][\/vc_row]<\/div>","protected":false},"excerpt":{"rendered":"[vc_row full_width=&#8221;stretch_row_content_no_spaces&#8221;][vc_column][\/vc_column][\/vc_row][vc_row][vc_column][vc_empty_space][\/vc_column][\/vc_row][vc_row][vc_column width=&#8221;1\/2&#8243;][vc_column_text]Sede legale: NeuroWebDesign Srl via Marconi, 6 31040 Chiarano (TV) P. Iva \/ C.F.: 04870360262 Cap. soc. \u20ac. 10.000,00 Tel.+39.0422.746265 Fax. +39.0422.746265 e-mail: info@neurowebdesign.it[\/vc_column_text][\/vc_column][vc_column width=&#8221;1\/2&#8243;][vc_column_text]Sede operativa: via Germania, 3 35010 Vigonza (PD) presso gli uffici di Jampaa srl[\/vc_column_text][\/vc_column][\/vc_row][vc_row][vc_column][vc_column_text]NeuroWebDesign Srl \u00e8 una societ\u00e0 iscritta nell&#8217;apposita sezione speciale del registro delle imprese in qualit\u00e0 di [&hellip;]","protected":false},"author":9,"featured_media":0,"parent":0,"menu_order":0,"comment_status":"closed","ping_status":"closed","template":"","meta":{"_acf_changed":false,"footnotes":""},"class_list":["post-739","page","type-page","status-publish","hentry"],"acf":[],"yoast_head":"<!-- This site is optimized with the Yoast SEO plugin v26.0 - https:\/\/yoast.com\/wordpress\/plugins\/seo\/ -->\n<title>Dati Societari | NeuroWebDesign, Agenzia di UX e Neuromarketing<\/title>\n<meta name=\"description\" content=\"Dati societari di NeuroWebDesign, agenzia di Neuromarketing e User Experience di Chiarano (TV). Contattaci per avere una demo gratuita dei nostri servizi.\" \/>\n<meta name=\"robots\" content=\"index, follow, max-snippet:-1, max-image-preview:large, max-video-preview:-1\" \/>\n<link rel=\"canonical\" href=\"https:\/\/www.neurowebdesign.it\/it\/dati-societari\/\" \/>\n<meta name=\"twitter:card\" content=\"summary_large_image\" \/>\n<meta name=\"twitter:title\" content=\"Dati Societari | NeuroWebDesign, Agenzia di UX e Neuromarketing\" \/>\n<meta name=\"twitter:description\" content=\"Dati societari di NeuroWebDesign, agenzia di Neuromarketing e User Experience di Chiarano (TV). Contattaci per avere una demo gratuita dei nostri servizi.\" \/>\n<meta name=\"twitter:label1\" content=\"Tempo di lettura stimato\" \/>\n\t<meta name=\"twitter:data1\" content=\"1 minuto\" \/>\n<script type=\"application\/ld+json\" class=\"yoast-schema-graph\">{\"@context\":\"https:\/\/schema.org\",\"@graph\":[{\"@type\":\"WebPage\",\"@id\":\"https:\/\/www.neurowebdesign.it\/it\/dati-societari\/\",\"url\":\"https:\/\/www.neurowebdesign.it\/it\/dati-societari\/\",\"name\":\"Dati Societari | NeuroWebDesign, Agenzia di UX e Neuromarketing\",\"isPartOf\":{\"@id\":\"https:\/\/www.neurowebdesign.it\/it\/#website\"},\"datePublished\":\"2017-01-24T11:55:36+00:00\",\"dateModified\":\"2025-02-17T09:11:48+00:00\",\"description\":\"Dati societari di NeuroWebDesign, agenzia di Neuromarketing e User Experience di Chiarano (TV). Contattaci per avere una demo gratuita dei nostri servizi.\",\"breadcrumb\":{\"@id\":\"https:\/\/www.neurowebdesign.it\/it\/dati-societari\/#breadcrumb\"},\"inLanguage\":\"it-IT\",\"potentialAction\":[{\"@type\":\"ReadAction\",\"target\":[[\"https:\/\/www.neurowebdesign.it\/it\/dati-societari\/\"]]}]},{\"@type\":\"BreadcrumbList\",\"@id\":\"https:\/\/www.neurowebdesign.it\/it\/dati-societari\/#breadcrumb\",\"itemListElement\":[{\"@type\":\"ListItem\",\"position\":1,\"name\":\"Home\",\"item\":\"https:\/\/www.neurowebdesign.it\/it\/\"},{\"@type\":\"ListItem\",\"position\":2,\"name\":\"Dati societari\"}]},{\"@type\":\"WebSite\",\"@id\":\"https:\/\/www.neurowebdesign.it\/it\/#website\",\"url\":\"https:\/\/www.neurowebdesign.it\/it\/\",\"name\":\"NeuroWebDesign\",\"description\":\"Digital Emotions\",\"potentialAction\":[{\"@type\":\"SearchAction\",\"target\":{\"@type\":\"EntryPoint\",\"urlTemplate\":\"https:\/\/www.neurowebdesign.it\/it\/?s={search_term_string}\"},\"query-input\":{\"@type\":\"PropertyValueSpecification\",\"valueRequired\":true,\"valueName\":\"search_term_string\"}}],\"inLanguage\":\"it-IT\"}]}<\/script>\n<!-- \/ Yoast SEO plugin. -->","yoast_head_json":{"title":"Dati Societari | NeuroWebDesign, Agenzia di UX e Neuromarketing","description":"Dati societari di NeuroWebDesign, agenzia di Neuromarketing e User Experience di Chiarano (TV). Contattaci per avere una demo gratuita dei nostri servizi.","robots":{"index":"index","follow":"follow","max-snippet":"max-snippet:-1","max-image-preview":"max-image-preview:large","max-video-preview":"max-video-preview:-1"},"canonical":"https:\/\/www.neurowebdesign.it\/it\/dati-societari\/","twitter_card":"summary_large_image","twitter_title":"Dati Societari | NeuroWebDesign, Agenzia di UX e Neuromarketing","twitter_description":"Dati societari di NeuroWebDesign, agenzia di Neuromarketing e User Experience di Chiarano (TV). Contattaci per avere una demo gratuita dei nostri servizi.","twitter_misc":{"Tempo di lettura stimato":"1 minuto"},"schema":{"@context":"https:\/\/schema.org","@graph":[{"@type":"WebPage","@id":"https:\/\/www.neurowebdesign.it\/it\/dati-societari\/","url":"https:\/\/www.neurowebdesign.it\/it\/dati-societari\/","name":"Dati Societari | NeuroWebDesign, Agenzia di UX e Neuromarketing","isPartOf":{"@id":"https:\/\/www.neurowebdesign.it\/it\/#website"},"datePublished":"2017-01-24T11:55:36+00:00","dateModified":"2025-02-17T09:11:48+00:00","description":"Dati societari di NeuroWebDesign, agenzia di Neuromarketing e User Experience di Chiarano (TV). Contattaci per avere una demo gratuita dei nostri servizi.","breadcrumb":{"@id":"https:\/\/www.neurowebdesign.it\/it\/dati-societari\/#breadcrumb"},"inLanguage":"it-IT","potentialAction":[{"@type":"ReadAction","target":[["https:\/\/www.neurowebdesign.it\/it\/dati-societari\/"]]}]},{"@type":"BreadcrumbList","@id":"https:\/\/www.neurowebdesign.it\/it\/dati-societari\/#breadcrumb","itemListElement":[{"@type":"ListItem","position":1,"name":"Home","item":"https:\/\/www.neurowebdesign.it\/it\/"},{"@type":"ListItem","position":2,"name":"Dati societari"}]},{"@type":"WebSite","@id":"https:\/\/www.neurowebdesign.it\/it\/#website","url":"https:\/\/www.neurowebdesign.it\/it\/","name":"NeuroWebDesign","description":"Digital Emotions","potentialAction":[{"@type":"SearchAction","target":{"@type":"EntryPoint","urlTemplate":"https:\/\/www.neurowebdesign.it\/it\/?s={search_term_string}"},"query-input":{"@type":"PropertyValueSpecification","valueRequired":true,"valueName":"search_term_string"}}],"inLanguage":"it-IT"}]}},"_links":{"self":[{"href":"https:\/\/www.neurowebdesign.it\/it\/wp-json\/wp\/v2\/pages\/739","targetHints":{"allow":["GET"]}}],"collection":[{"href":"https:\/\/www.neurowebdesign.it\/it\/wp-json\/wp\/v2\/pages"}],"about":[{"href":"https:\/\/www.neurowebdesign.it\/it\/wp-json\/wp\/v2\/types\/page"}],"author":[{"embeddable":true,"href":"https:\/\/www.neurowebdesign.it\/it\/wp-json\/wp\/v2\/users\/9"}],"replies":[{"embeddable":true,"href":"https:\/\/www.neurowebdesign.it\/it\/wp-json\/wp\/v2\/comments?post=739"}],"version-history":[{"count":1,"href":"https:\/\/www.neurowebdesign.it\/it\/wp-json\/wp\/v2\/pages\/739\/revisions"}],"predecessor-version":[{"id":7830,"href":"https:\/\/www.neurowebdesign.it\/it\/wp-json\/wp\/v2\/pages\/739\/revisions\/7830"}],"wp:attachment":[{"href":"https:\/\/www.neurowebdesign.it\/it\/wp-json\/wp\/v2\/media?parent=739"}],"curies":[{"name":"wp","href":"https:\/\/api.w.org\/{rel}","templated":true}]}}