{"id":7042,"date":"2021-05-18T18:45:48","date_gmt":"2021-05-18T16:45:48","guid":{"rendered":"https:\/\/www.neurowebdesign.it\/it\/?page_id=7042"},"modified":"2021-05-21T19:13:57","modified_gmt":"2021-05-21T17:13:57","slug":"neuromarketing-del-vino-erste-neue-2","status":"publish","type":"page","link":"https:\/\/www.neurowebdesign.it\/it\/neuromarketing-per-spot-tv-per-facileit\/","title":{"rendered":"Neuromarketing e spot tv: analisi pubblicit\u00e0 per Facile.it"},"content":{"rendered":"<div class=\"wpb-content-wrapper\">[vc_row full_width=&#8221;stretch_row_content_no_spaces&#8221;][vc_column]\n\t\t\t<!-- START Facile.it  Neuromarketing  SPot TV REVOLUTION SLIDER 6.7.34 --><p class=\"rs-p-wp-fix\"><\/p>\n\t\t\t<rs-module-wrap id=\"rev_slider_151_1_wrapper\" data-source=\"gallery\" style=\"visibility:hidden;background:transparent;padding:0;margin:0px auto;margin-top:0;margin-bottom:0;\">\n\t\t\t\t<rs-module id=\"rev_slider_151_1\" style=\"\" data-version=\"6.7.34\">\n\t\t\t\t\t<rs-slides style=\"overflow: hidden; position: absolute;\">\n\t\t\t\t\t\t<rs-slide style=\"position: absolute;\" data-key=\"rs-226\" data-title=\"Slide\" data-duration=\"7000\" data-anim=\"r:0;\" data-in=\"o:1;\" data-out=\"o:1;\">\n\t\t\t\t\t\t\t<img decoding=\"async\" src=\"\/\/www.neurowebdesign.it\/wp-content\/plugins\/revslider\/sr6\/assets\/assets\/dummy.png\" alt=\"\" title=\"Neuromarketing e spot tv: analisi pubblicit\u00e0 per Facile.it\" class=\"rev-slidebg tp-rs-img rs-lazyload\" data-lazyload=\"\/\/www.neurowebdesign.it\/wp-content\/uploads\/2017\/07\/Sfondo-testimonianze-e1499421323697.jpg\" data-parallax=\"off\" data-no-retina>\n<!--\n\t\t\t\t\t\t\t--><h1\n\t\t\t\t\t\t\t\tid=\"slider-151-slide-226-layer-1\" \n\t\t\t\t\t\t\t\tclass=\"rs-layer\"\n\t\t\t\t\t\t\t\tdata-type=\"text\"\n\t\t\t\t\t\t\t\tdata-color=\"rgba(255, 255, 255, 1)\"\n\t\t\t\t\t\t\t\tdata-rsp_ch=\"on\"\n\t\t\t\t\t\t\t\tdata-xy=\"x:c;xo:2px,0,0,0;y:m,t,t,t;yo:-1px,110px,92px,71px;\"\n\t\t\t\t\t\t\t\tdata-text=\"s:60,50,40,30;l:65,55,45,35;fw:300;a:center;\"\n\t\t\t\t\t\t\t\tdata-frame_1=\"e:power2.inOut;sp:150;sR:10;\"\n\t\t\t\t\t\t\t\tdata-frame_999=\"o:0;e:nothing;st:w;sp:0;sR:6840;\"\n\t\t\t\t\t\t\t\tstyle=\"z-index:5;font-family:'Raleway';\"\n\t\t\t\t\t\t\t><center>- Facile.it - \n<br> Neuromarketing e Spot TV<\/center> \n\t\t\t\t\t\t\t<\/h1><!--\n-->\t\t\t\t\t<\/rs-slide>\n\t\t\t\t\t<\/rs-slides>\n\t\t\t\t<\/rs-module>\n\t\t\t\t<script>\n\t\t\t\t\tsetREVStartSize({c: 'rev_slider_151_1',rl:[1240,1024,778,480],el:[400,300,250,199],gw:[1920,1024,778,480],gh:[400,300,250,200],type:'hero',justify:'',layout:'fullwidth',mh:\"0\"});if (window.RS_MODULES!==undefined && window.RS_MODULES.modules!==undefined && window.RS_MODULES.modules[\"revslider1511\"]!==undefined) {window.RS_MODULES.modules[\"revslider1511\"].once = false;window.revapi151 = undefined;if (window.RS_MODULES.checkMinimal!==undefined) window.RS_MODULES.checkMinimal()}\n\t\t\t\t<\/script>\n\t\t\t<\/rs-module-wrap>\n\t\t\t<!-- END REVOLUTION SLIDER -->\n[vc_empty_space height=&#8221;50px&#8221;][\/vc_column][\/vc_row][vc_row equal_height=&#8221;yes&#8221;][vc_column width=&#8221;1\/2&#8243;][vc_column_text]\r\n<h2><strong>Studio di Neuromarketing applicato ad uno spot TV<\/strong><\/h2>\r\nTi ricordi la pubblicit\u00e0 andata in onda qualche anno fa in cui un guidatore pronunciando la formula magica <strong>\u00abFacile.it, Facile.it, Facile.it\u00bb<\/strong> trovava miracolosamente parcheggio in centro citt\u00e0?\r\n\r\nDevi sapere che questo filmato, \u00e8 stato oggetto di uno Studio di Neuromaketing riguardante la <strong>percezione del brand<\/strong> di facile.it.\r\nIn questo lavoro, vi presenteremo l\u2019esperimento progettato da NeuroWebDesign per comprendere come sono stati recepiti dai consumatori questo e alcuni degli spot pubblicitari di Facile.it.[\/vc_column_text][\/vc_column][vc_column width=&#8221;1\/2&#8243;][vc_single_image image=&#8221;7044&#8243; img_size=&#8221;full&#8221; alignment=&#8221;center&#8221;][\/vc_column][\/vc_row][vc_row equal_height=&#8221;yes&#8221; css=&#8221;.vc_custom_1615479708778{background-color: #fff7f4 !important;}&#8221;][vc_column][vc_text_separator title=&#8221;Approfondimenti&#8221; i_icon_fontawesome=&#8221;fas fa-search&#8221; i_color=&#8221;sandy_brown&#8221; i_size=&#8221;sm&#8221; color=&#8221;sandy_brown&#8221; add_icon=&#8221;true&#8221; css=&#8221;.vc_custom_1615479648113{margin-top: -30px !important;}&#8221;][vc_column_text css=&#8221;.vc_custom_1621598691557{margin-top: -30px !important;}&#8221;]\r\n<p style=\"text-align: center;\"><a href=\"https:\/\/www.neurowebdesign.it\/it\/analisi-percezione-brand-facile-it\/\"><span style=\"color: #f79468;\"><em>Facile.it &#8211; Analisi della percezione del brand<\/em><\/span><\/a><\/p>\r\n[\/vc_column_text][\/vc_column][\/vc_row][vc_row equal_height=&#8221;yes&#8221;][vc_column][vc_empty_space][vc_column_text]Ma prima facciamo un passo indietro.\r\n\r\n<strong>Perch\u00e9 condurre uno studio di Neuromarketing per valutare l\u2019efficacia di uno spot tv?<\/strong>[\/vc_column_text][vc_empty_space][\/vc_column][\/vc_row][vc_row equal_height=&#8221;yes&#8221;][vc_column width=&#8221;1\/2&#8243;][vc_empty_space][vc_column_text]Siamo tutti d\u2019accordo sul fatto che siamo <strong>sovraccaricati di informazioni<\/strong>: ogni giorno, veniamo costantemente \u00abbombardati\u00bb da centinaia di messaggi pubblicitari.\r\nGran parte dei spot a cui siamo esposti, non vengono percepiti, o perch\u00e9 dissonanti, o perch\u00e9 poco pregnanti o perch\u00e9 troppo deboli.\r\nBasta guardarci intorno per capire come ogni giorno, centinaia di stimoli competono tra di loro per <strong>avere la nostra attenzione<\/strong>. Si stima che siano dai 3000 ai 10.000 messaggi pubblicitari, tra spot televisivi, banner pubblicitari, cartelloni per le strade, volantini, etc..\r\n\r\nCon una pressione cos\u00ec alta, come possiamo pensare di riuscire a prestare attenzione a tutto?\r\nQuali sono le informazioni che arrivano alla nostra coscienza e cosa invece viene ignorato?\r\nQuali caratteristiche rendono oggi un <strong>spot tv \u00abmemorabile\u00bb<\/strong>?\r\nE ancora, quali sono le regole essenziali per una pubblicit\u00e0 di successo?[\/vc_column_text][\/vc_column][vc_column width=&#8221;1\/2&#8243;][vc_empty_space height=&#8221;80px&#8221;][vc_single_image image=&#8221;7043&#8243; img_size=&#8221;full&#8221; alignment=&#8221;center&#8221;][\/vc_column][\/vc_row][vc_row equal_height=&#8221;yes&#8221; css=&#8221;.vc_custom_1621357147723{background-color: #fff7f4 !important;}&#8221;][vc_column][vc_text_separator title=&#8221;Approfondimenti&#8221; i_icon_fontawesome=&#8221;fas fa-search&#8221; i_color=&#8221;sandy_brown&#8221; i_size=&#8221;sm&#8221; color=&#8221;sandy_brown&#8221; add_icon=&#8221;true&#8221; css=&#8221;.vc_custom_1615479648113{margin-top: -30px !important;}&#8221;][vc_column_text css=&#8221;.vc_custom_1621355740285{margin-top: -30px !important;}&#8221;]\r\n<p style=\"text-align: center;\"><a href=\"https:\/\/www.neurowebdesign.it\/it\/principali-strumenti-di-ricerca-nel-neuromarketing\/\"><span style=\"color: #f79468;\"><em>I principali strumenti di ricerca nel Neuromarketing<\/em><\/span><\/a><\/p>\r\n[\/vc_column_text][\/vc_column][\/vc_row][vc_row equal_height=&#8221;yes&#8221;][vc_column width=&#8221;1\/2&#8243;][vc_empty_space height=&#8221;50px&#8221;][vc_column_text]Perch\u00e9 non sempre uno spot tv \u00abmemorabile\u00bb equivale anche ad una pubblicit\u00e0 altrettanto <strong>\u00abefficace\u00bb<\/strong>.\r\n\r\nI consumatori oggi sono sempre pi\u00f9 esigenti e hanno sviluppato una forte barriera attentiva nei confronti degli stimoli pubblicitari. Per questo <strong>capire e prevedere<\/strong> con metodi e conoscenze della brain research, come i propri consumatori risponderanno ad uno spot tv pu\u00f2 avere un notevole vantaggio competitivo sui concorrenti.\r\n\r\nPer capire come gli utenti reagiscono ai messaggi pubblicitari ci si \u00e8 avvalsi di Tecniche di Neuromarketing: <strong>Eye Tracking, Eeg e Gsr<\/strong>.[\/vc_column_text][\/vc_column][vc_column width=&#8221;1\/2&#8243;][vc_empty_space][vc_single_image image=&#8221;7045&#8243; img_size=&#8221;full&#8221;][\/vc_column][\/vc_row][vc_row][vc_column][vc_empty_space height=&#8221;50px&#8221;][\/vc_column][\/vc_row][vc_row css=&#8221;.vc_custom_1621357158300{background-color: #fff7f4 !important;}&#8221;][vc_column width=&#8221;1\/4&#8243;][\/vc_column][vc_column width=&#8221;1\/2&#8243;][vc_empty_space][vc_column_text css=&#8221;.vc_custom_1621598508651{margin-top: -30px !important;}&#8221;]\r\n<p style=\"text-align: center;\"><span style=\"color: #000000;\"><strong>Scarica il caso studio<\/strong><\/span><\/p>\r\n\r\n<h1 class=\"title\"><\/h1>\r\n[\/vc_column_text]\n<div class=\"wpcf7 no-js\" id=\"wpcf7-f7036-o1\" lang=\"it-IT\" dir=\"ltr\" data-wpcf7-id=\"7036\">\n<div class=\"screen-reader-response\"><p role=\"status\" aria-live=\"polite\" aria-atomic=\"true\"><\/p> <ul><\/ul><\/div>\n<form action=\"\/it\/wp-json\/wp\/v2\/pages\/7042#wpcf7-f7036-o1\" method=\"post\" class=\"wpcf7-form init\" aria-label=\"Modulo di contatto\" novalidate=\"novalidate\" data-status=\"init\">\n<fieldset class=\"hidden-fields-container\"><input type=\"hidden\" name=\"_wpcf7\" value=\"7036\" \/><input type=\"hidden\" name=\"_wpcf7_version\" value=\"6.1.2\" \/><input type=\"hidden\" name=\"_wpcf7_locale\" value=\"it_IT\" \/><input type=\"hidden\" name=\"_wpcf7_unit_tag\" value=\"wpcf7-f7036-o1\" \/><input type=\"hidden\" name=\"_wpcf7_container_post\" value=\"0\" \/><input type=\"hidden\" name=\"_wpcf7_posted_data_hash\" value=\"\" \/>\n<\/fieldset>\n<div class=\"contact-form\">\n\t<div class=\"row\">\n<div class=\"clearfix\">\n\t\t<div class=\"col-sm-6\">\n\t\t\t<span class=\"wpcf7-form-control-wrap\" data-name=\"your-name\"><input size=\"40\" maxlength=\"400\" class=\"wpcf7-form-control wpcf7-text wpcf7-validates-as-required field-text\" aria-required=\"true\" aria-invalid=\"false\" placeholder=\"Nome*\" value=\"\" type=\"text\" name=\"your-name\" \/><\/span>\n\t\t<\/div>\n\t\t<div class=\"col-sm-6\">\n<span id=\"email-2\" class=\"wpcf7-form-control-wrap email-2-wrap\" style=\"display:none !important; visibility:hidden !important;\"><label for=\"email-2\" class=\"hp-message\">Si prega di lasciare vuoto questo campo.<\/label><input id=\"email-2\"  placeholder=\"email\"  class=\"wpcf7-form-control wpcf7-text email-2\" type=\"text\" name=\"email-2\" value=\"\" size=\"40\" tabindex=\"-1\" autocomplete=\"new-password\" \/><\/span>\n<span class=\"wpcf7-form-control-wrap\" data-name=\"your-email\"><input size=\"40\" maxlength=\"400\" class=\"wpcf7-form-control wpcf7-email wpcf7-validates-as-required wpcf7-text wpcf7-validates-as-email field-text\" aria-required=\"true\" aria-invalid=\"false\" placeholder=\"Email*\" value=\"\" type=\"email\" name=\"your-email\" \/><\/span><\/div>\n<\/div>\n<div class=\"col-sm-12\">\n\t\t\t<span class=\"wpcf7-form-control-wrap\" data-name=\"checkbox-terms\"><span class=\"wpcf7-form-control wpcf7-checkbox wpcf7-validates-as-required wpcf7-exclusive-checkbox\" id=\"psinformativa\"><span class=\"wpcf7-list-item first last\"><input type=\"checkbox\" name=\"checkbox-terms\" value=\"*\" \/><span class=\"wpcf7-list-item-label\">*<\/span><\/span><\/span><\/span>\n\t\t<\/div>\n\t\t<div class=\"col-sm-6\">\n\t\t\t<input class=\"wpcf7-form-control wpcf7-submit has-spinner ev-cont-it btn-blue\" type=\"submit\" value=\"INVIA\" \/>\n\t\t<\/div>\n<div class=\"col-sm-12\"><div class=\"wpcf7-response-output\" aria-hidden=\"true\"><\/div><\/div>\n\t<\/div>\n<\/div><input type='hidden' class='wpcf7-pum' value='{\"closepopup\":false,\"closedelay\":0,\"openpopup\":false,\"openpopup_id\":0}' \/>\n<\/form>\n<\/div>\n[vc_empty_space][\/vc_column][vc_column width=&#8221;1\/4&#8243;][\/vc_column][\/vc_row][vc_row full_width=&#8221;stretch_row&#8221; el_class=&#8221;offer-block&#8221; enable_overlay=&#8221;true&#8221; css=&#8221;.vc_custom_1457521268140{background-color: #ffffff !important;}&#8221;][vc_column][vc_btn title=&#8221;TORNA AI CASI STUDIO&#8221; style=&#8221;custom&#8221; custom_background=&#8221;#898989&#8243; custom_text=&#8221;#ffffff&#8221; shape=&#8221;square&#8221; align=&#8221;center&#8221; link=&#8221;url:https%3A%2F%2Fwww.neurowebdesign.it%2Fportfolio%2F|||&#8221;][\/vc_column][\/vc_row]<\/div>","protected":false},"excerpt":{"rendered":"[vc_row full_width=&#8221;stretch_row_content_no_spaces&#8221;][vc_column][vc_empty_space height=&#8221;50px&#8221;][\/vc_column][\/vc_row][vc_row equal_height=&#8221;yes&#8221;][vc_column width=&#8221;1\/2&#8243;][vc_column_text] Studio di Neuromarketing applicato ad uno spot TV Ti ricordi la pubblicit\u00e0 andata in onda qualche anno fa in cui un guidatore pronunciando la formula magica \u00abFacile.it, Facile.it, Facile.it\u00bb trovava miracolosamente parcheggio in centro citt\u00e0? Devi sapere che questo filmato, \u00e8 stato oggetto di uno Studio di Neuromaketing riguardante la [&hellip;]","protected":false},"author":9,"featured_media":0,"parent":0,"menu_order":0,"comment_status":"closed","ping_status":"closed","template":"","meta":{"_acf_changed":false,"footnotes":""},"class_list":["post-7042","page","type-page","status-publish","hentry"],"acf":[],"yoast_head":"<!-- This site is optimized with the Yoast SEO plugin v26.0 - https:\/\/yoast.com\/wordpress\/plugins\/seo\/ -->\n<title>(Italiano) Neuromarketing e spot tv: analisi pubblicit\u00e0 per Facile.it<\/title>\n<meta name=\"description\" content=\"(Italiano) Cosa rende uno spot tv memorabile? Analizzare la propria pubblicit\u00e0 con gli strumenti biometrici pu\u00f2 aiutarti a capirlo.\" \/>\n<meta name=\"robots\" content=\"index, follow, max-snippet:-1, max-image-preview:large, max-video-preview:-1\" \/>\n<link rel=\"canonical\" href=\"https:\/\/www.neurowebdesign.it\/it\/italiano-neuromarketing-per-spot-tv-per-facileit\/\" \/>\n<meta name=\"twitter:card\" content=\"summary_large_image\" \/>\n<meta name=\"twitter:title\" content=\"(Italiano) Neuromarketing e spot tv: analisi pubblicit\u00e0 per Facile.it\" \/>\n<meta name=\"twitter:description\" content=\"(Italiano) Cosa rende uno spot tv memorabile? Analizzare la propria pubblicit\u00e0 con gli strumenti biometrici pu\u00f2 aiutarti a capirlo.\" \/>\n<meta name=\"twitter:label1\" content=\"Tempo di lettura stimato\" \/>\n\t<meta name=\"twitter:data1\" content=\"2 minuti\" \/>\n<script type=\"application\/ld+json\" class=\"yoast-schema-graph\">{\"@context\":\"https:\/\/schema.org\",\"@graph\":[{\"@type\":\"WebPage\",\"@id\":\"https:\/\/www.neurowebdesign.it\/it\/italiano-neuromarketing-per-spot-tv-per-facileit\/\",\"url\":\"https:\/\/www.neurowebdesign.it\/it\/italiano-neuromarketing-per-spot-tv-per-facileit\/\",\"name\":\"(Italiano) Neuromarketing e spot tv: analisi pubblicit\u00e0 per Facile.it\",\"isPartOf\":{\"@id\":\"https:\/\/www.neurowebdesign.it\/it\/#website\"},\"datePublished\":\"2021-05-18T16:45:48+00:00\",\"dateModified\":\"2021-05-21T17:13:57+00:00\",\"description\":\"(Italiano) Cosa rende uno spot tv memorabile? Analizzare la propria pubblicit\u00e0 con gli strumenti biometrici pu\u00f2 aiutarti a capirlo.\",\"breadcrumb\":{\"@id\":\"https:\/\/www.neurowebdesign.it\/it\/italiano-neuromarketing-per-spot-tv-per-facileit\/#breadcrumb\"},\"inLanguage\":\"it-IT\",\"potentialAction\":[{\"@type\":\"ReadAction\",\"target\":[[\"https:\/\/www.neurowebdesign.it\/it\/italiano-neuromarketing-per-spot-tv-per-facileit\/\"]]}]},{\"@type\":\"BreadcrumbList\",\"@id\":\"https:\/\/www.neurowebdesign.it\/it\/italiano-neuromarketing-per-spot-tv-per-facileit\/#breadcrumb\",\"itemListElement\":[{\"@type\":\"ListItem\",\"position\":1,\"name\":\"Home\",\"item\":\"https:\/\/www.neurowebdesign.it\/it\/\"},{\"@type\":\"ListItem\",\"position\":2,\"name\":\"(Italiano) Neuromarketing e spot tv: analisi pubblicit\u00e0 per Facile.it\"}]},{\"@type\":\"WebSite\",\"@id\":\"https:\/\/www.neurowebdesign.it\/it\/#website\",\"url\":\"https:\/\/www.neurowebdesign.it\/it\/\",\"name\":\"NeuroWebDesign\",\"description\":\"Digital Emotions\",\"potentialAction\":[{\"@type\":\"SearchAction\",\"target\":{\"@type\":\"EntryPoint\",\"urlTemplate\":\"https:\/\/www.neurowebdesign.it\/it\/?s={search_term_string}\"},\"query-input\":{\"@type\":\"PropertyValueSpecification\",\"valueRequired\":true,\"valueName\":\"search_term_string\"}}],\"inLanguage\":\"it-IT\"}]}<\/script>\n<!-- \/ Yoast SEO plugin. -->","yoast_head_json":{"title":"(Italiano) Neuromarketing e spot tv: analisi pubblicit\u00e0 per Facile.it","description":"(Italiano) Cosa rende uno spot tv memorabile? Analizzare la propria pubblicit\u00e0 con gli strumenti biometrici pu\u00f2 aiutarti a capirlo.","robots":{"index":"index","follow":"follow","max-snippet":"max-snippet:-1","max-image-preview":"max-image-preview:large","max-video-preview":"max-video-preview:-1"},"canonical":"https:\/\/www.neurowebdesign.it\/it\/italiano-neuromarketing-per-spot-tv-per-facileit\/","twitter_card":"summary_large_image","twitter_title":"(Italiano) Neuromarketing e spot tv: analisi pubblicit\u00e0 per Facile.it","twitter_description":"(Italiano) Cosa rende uno spot tv memorabile? Analizzare la propria pubblicit\u00e0 con gli strumenti biometrici pu\u00f2 aiutarti a capirlo.","twitter_misc":{"Tempo di lettura stimato":"2 minuti"},"schema":{"@context":"https:\/\/schema.org","@graph":[{"@type":"WebPage","@id":"https:\/\/www.neurowebdesign.it\/it\/italiano-neuromarketing-per-spot-tv-per-facileit\/","url":"https:\/\/www.neurowebdesign.it\/it\/italiano-neuromarketing-per-spot-tv-per-facileit\/","name":"(Italiano) Neuromarketing e spot tv: analisi pubblicit\u00e0 per Facile.it","isPartOf":{"@id":"https:\/\/www.neurowebdesign.it\/it\/#website"},"datePublished":"2021-05-18T16:45:48+00:00","dateModified":"2021-05-21T17:13:57+00:00","description":"(Italiano) Cosa rende uno spot tv memorabile? Analizzare la propria pubblicit\u00e0 con gli strumenti biometrici pu\u00f2 aiutarti a capirlo.","breadcrumb":{"@id":"https:\/\/www.neurowebdesign.it\/it\/italiano-neuromarketing-per-spot-tv-per-facileit\/#breadcrumb"},"inLanguage":"it-IT","potentialAction":[{"@type":"ReadAction","target":[["https:\/\/www.neurowebdesign.it\/it\/italiano-neuromarketing-per-spot-tv-per-facileit\/"]]}]},{"@type":"BreadcrumbList","@id":"https:\/\/www.neurowebdesign.it\/it\/italiano-neuromarketing-per-spot-tv-per-facileit\/#breadcrumb","itemListElement":[{"@type":"ListItem","position":1,"name":"Home","item":"https:\/\/www.neurowebdesign.it\/it\/"},{"@type":"ListItem","position":2,"name":"(Italiano) Neuromarketing e spot tv: analisi pubblicit\u00e0 per Facile.it"}]},{"@type":"WebSite","@id":"https:\/\/www.neurowebdesign.it\/it\/#website","url":"https:\/\/www.neurowebdesign.it\/it\/","name":"NeuroWebDesign","description":"Digital Emotions","potentialAction":[{"@type":"SearchAction","target":{"@type":"EntryPoint","urlTemplate":"https:\/\/www.neurowebdesign.it\/it\/?s={search_term_string}"},"query-input":{"@type":"PropertyValueSpecification","valueRequired":true,"valueName":"search_term_string"}}],"inLanguage":"it-IT"}]}},"_links":{"self":[{"href":"https:\/\/www.neurowebdesign.it\/it\/wp-json\/wp\/v2\/pages\/7042","targetHints":{"allow":["GET"]}}],"collection":[{"href":"https:\/\/www.neurowebdesign.it\/it\/wp-json\/wp\/v2\/pages"}],"about":[{"href":"https:\/\/www.neurowebdesign.it\/it\/wp-json\/wp\/v2\/types\/page"}],"author":[{"embeddable":true,"href":"https:\/\/www.neurowebdesign.it\/it\/wp-json\/wp\/v2\/users\/9"}],"replies":[{"embeddable":true,"href":"https:\/\/www.neurowebdesign.it\/it\/wp-json\/wp\/v2\/comments?post=7042"}],"version-history":[{"count":0,"href":"https:\/\/www.neurowebdesign.it\/it\/wp-json\/wp\/v2\/pages\/7042\/revisions"}],"wp:attachment":[{"href":"https:\/\/www.neurowebdesign.it\/it\/wp-json\/wp\/v2\/media?parent=7042"}],"curies":[{"name":"wp","href":"https:\/\/api.w.org\/{rel}","templated":true}]}}