{"id":6829,"date":"2021-03-11T16:29:23","date_gmt":"2021-03-11T15:29:23","guid":{"rendered":"https:\/\/www.neurowebdesign.it\/it\/?page_id=6829"},"modified":"2021-05-21T15:32:04","modified_gmt":"2021-05-21T13:32:04","slug":"neuromarketing-del-vino-erste-neue","status":"publish","type":"page","link":"https:\/\/www.neurowebdesign.it\/it\/neuromarketing-del-vino-per-erste-neue\/","title":{"rendered":"Neuromarketing del vino: studio delle etichette per Erste+Neue"},"content":{"rendered":"<div class=\"wpb-content-wrapper\">[vc_row full_width=&#8221;stretch_row_content_no_spaces&#8221;][vc_column]\n\t\t\t<!-- START Erste Neue  NeuroVino REVOLUTION SLIDER 6.7.34 --><p class=\"rs-p-wp-fix\"><\/p>\n\t\t\t<rs-module-wrap id=\"rev_slider_138_1_wrapper\" data-source=\"gallery\" style=\"visibility:hidden;background:transparent;padding:0;margin:0px auto;margin-top:0;margin-bottom:0;\">\n\t\t\t\t<rs-module id=\"rev_slider_138_1\" style=\"\" data-version=\"6.7.34\">\n\t\t\t\t\t<rs-slides style=\"overflow: hidden; position: absolute;\">\n\t\t\t\t\t\t<rs-slide style=\"position: absolute;\" data-key=\"rs-212\" data-title=\"Slide\" data-duration=\"7000\" data-anim=\"r:0;\" data-in=\"o:1;\" data-out=\"o:1;\">\n\t\t\t\t\t\t\t<img decoding=\"async\" src=\"\/\/www.neurowebdesign.it\/wp-content\/plugins\/revslider\/sr6\/assets\/assets\/dummy.png\" alt=\"\" title=\"Neuromarketing del vino: studio delle etichette per Erste+Neue\" class=\"rev-slidebg tp-rs-img rs-lazyload\" data-lazyload=\"\/\/www.neurowebdesign.it\/wp-content\/uploads\/2017\/07\/Sfondo-testimonianze-e1499421323697.jpg\" data-parallax=\"off\" data-no-retina>\n<!--\n\t\t\t\t\t\t\t--><h1\n\t\t\t\t\t\t\t\tid=\"slider-138-slide-212-layer-1\" \n\t\t\t\t\t\t\t\tclass=\"rs-layer\"\n\t\t\t\t\t\t\t\tdata-type=\"text\"\n\t\t\t\t\t\t\t\tdata-color=\"rgba(255, 255, 255, 1)\"\n\t\t\t\t\t\t\t\tdata-rsp_ch=\"on\"\n\t\t\t\t\t\t\t\tdata-xy=\"x:c;xo:2px,0,0,0;y:m,t,t,t;yo:0,110px,92px,71px;\"\n\t\t\t\t\t\t\t\tdata-text=\"s:60,50,40,30;l:65,55,45,35;fw:300;a:center;\"\n\t\t\t\t\t\t\t\tdata-frame_1=\"e:power2.inOut;sp:150;sR:10;\"\n\t\t\t\t\t\t\t\tdata-frame_999=\"o:0;e:nothing;st:w;sp:0;sR:6840;\"\n\t\t\t\t\t\t\t\tstyle=\"z-index:5;font-family:'Raleway';\"\n\t\t\t\t\t\t\t><center>- Erste+Neue - \n<br> Neuromarketing del vino<\/center> \n\t\t\t\t\t\t\t<\/h1><!--\n-->\t\t\t\t\t<\/rs-slide>\n\t\t\t\t\t<\/rs-slides>\n\t\t\t\t<\/rs-module>\n\t\t\t\t<script>\n\t\t\t\t\tsetREVStartSize({c: 'rev_slider_138_1',rl:[1240,1024,778,480],el:[400,300,250,199],gw:[1920,1024,778,480],gh:[400,300,250,200],type:'hero',justify:'',layout:'fullwidth',mh:\"0\"});if (window.RS_MODULES!==undefined && window.RS_MODULES.modules!==undefined && window.RS_MODULES.modules[\"revslider1381\"]!==undefined) {window.RS_MODULES.modules[\"revslider1381\"].once = false;window.revapi138 = undefined;if (window.RS_MODULES.checkMinimal!==undefined) window.RS_MODULES.checkMinimal()}\n\t\t\t\t<\/script>\n\t\t\t<\/rs-module-wrap>\n\t\t\t<!-- END REVOLUTION SLIDER -->\n[vc_empty_space height=&#8221;50px&#8221;][\/vc_column][\/vc_row][vc_row equal_height=&#8221;yes&#8221;][vc_column width=&#8221;1\/2&#8243;][vc_column_text]\r\n<h2><strong>Studio di Neuromarketing applicato al packaging del vino<\/strong><\/h2>\r\n<strong>Neuromarketing del vino?<\/strong> Cos\u2019\u00e8? E perch\u00e9 \u00e8 cos\u00ec importante condurre uno <strong>studio di Neuromarketing per analizzare il packaging e le etichette delle bottiglie di vino? <\/strong>\r\n\r\nNell\u2019acquisto di una bottiglia di vino molto spesso ci\u00f2 che fa la differenza \u00e8 soprattutto il <strong>packaging<\/strong>. Pi\u00f9 del <strong>70%<\/strong> dei consumatori effettua una scelta senza conoscere il brand e quindi la decisione su quale bottiglia di vino scegliere, viene presa interamente a scaffale, sia esso fisico o online.\r\n\r\nIn un panorama in cui le bottiglie sono tutti simili tra di loro, l\u2019<strong>elemento differenziante<\/strong> \u00e8 generalmente costituito dall\u2019<strong>etichetta<\/strong>. In essa sono contenute tutte le informazioni sul prodotto. Questo fa s\u00ec che sia la parte pi\u00f9 vista di una bottiglia di vino.[\/vc_column_text][\/vc_column][vc_column width=&#8221;1\/2&#8243;][vc_single_image image=&#8221;6097&#8243; img_size=&#8221;full&#8221; alignment=&#8221;center&#8221;][\/vc_column][\/vc_row][vc_row equal_height=&#8221;yes&#8221; css=&#8221;.vc_custom_1615479708778{background-color: #fff7f4 !important;}&#8221;][vc_column][vc_text_separator title=&#8221;Approfondimenti&#8221; i_icon_fontawesome=&#8221;fas fa-search&#8221; i_color=&#8221;sandy_brown&#8221; i_size=&#8221;sm&#8221; color=&#8221;sandy_brown&#8221; add_icon=&#8221;true&#8221; css=&#8221;.vc_custom_1615479648113{margin-top: -30px !important;}&#8221;][vc_column_text css=&#8221;.vc_custom_1615799078569{margin-top: -30px !important;}&#8221;]\r\n<p style=\"text-align: center;\"><a href=\"https:\/\/www.neurowebdesign.it\/it\/etichette-per-bottiglie-di-vino-col-neuromarketing\/\"><span style=\"color: #f79468;\"><em>Etichette per bottiglie di vino col neuromarketing<\/em><\/span><\/a><\/p>\r\n<p style=\"text-align: center;\"><a href=\"https:\/\/www.neurowebdesign.it\/it\/packaging-di-successo\/\" target=\"_blank\" rel=\"noopener\"><span style=\"color: #f79468;\"><em>Il tuo packaging avr\u00e0 successo? Scoprilo con un test di neuromarketing<\/em><\/span><\/a><\/p>\r\n\r\n<h1 class=\"title\"><\/h1>\r\n[\/vc_column_text][\/vc_column][\/vc_row][vc_row equal_height=&#8221;yes&#8221;][vc_column][vc_column_text]Per questo motivo \u00e8 importante che il suo design colpisca positivamente il consumatore, che sia in grado di attrarre subito il suo sguardo verso di s\u00e8 e che trasmetta ad un primo impatto quei valori che lo stesso vino vuole incarnare.\r\n\r\nUno <strong>studio di Neuromarketing<\/strong> pu\u00f2 aiutarti a conoscere il <strong>comportamento dei consumatori<\/strong> e i <strong>driver di scelta<\/strong> che influenzano il processo decisionale per l\u2019acquisto del vino.[\/vc_column_text][\/vc_column][\/vc_row][vc_row equal_height=&#8221;yes&#8221;][vc_column width=&#8221;1\/2&#8243;][vc_empty_space][vc_column_text]\r\n<h2><strong>Neuromarketing e Eye Tracking: s<\/strong><strong>tudio delle etichette per Erste + Neue<\/strong><\/h2>\r\nNel 2020, anno in cui <strong>l\u2019e-commerce del vino<\/strong> \u00e8 cresciuto in maniera esponenziale (solo nel primo semestre si \u00e8 registrata una crescita pari al 102%) abbiamo avuto l\u2019occasione di condurre in collaborazione con il nostro partner <a href=\"https:\/\/www.geppa.it\/\" target=\"_blank\" rel=\"noopener\"><strong>Geppa <\/strong><\/a>un\u2019analisi sull\u2019etichetta per <strong><a href=\"https:\/\/www.erste-neue.it\/it\/\" target=\"_blank\" rel=\"noopener\">Erste Neue<\/a>, <\/strong>una cantina dell\u2019Alto Adige.\r\n\r\n<strong>Erste Neue<\/strong> voleva <strong>rinnovare le etichette dei propri vini,<\/strong> in modo tale che convincessero in primo luogo gli acquirenti online, canale su cui l\u2019azienda punta fortemente.\r\n\r\nPerci\u00f2 un\u2019analisi <strong>eye tracking<\/strong> con presentazione degli stimoli a schermo in aggiunta ad un metodo di indagine pi\u00f9 tradizionale come la survey \u00e8 sembrata a tutti la scelta pi\u00f9 consona per studiare l\u2019efficacia delle nuove proposte.[\/vc_column_text][\/vc_column][vc_column width=&#8221;1\/2&#8243;][vc_empty_space height=&#8221;56px&#8221;][vc_single_image image=&#8221;6850&#8243; img_size=&#8221;full&#8221; alignment=&#8221;center&#8221;][\/vc_column][\/vc_row][vc_row css=&#8221;.vc_custom_1621358898062{background-color: #fff7f4 !important;}&#8221;][vc_column width=&#8221;1\/4&#8243;][\/vc_column][vc_column width=&#8221;1\/2&#8243;][vc_empty_space][vc_column_text css=&#8221;.vc_custom_1621599042389{margin-top: -30px !important;}&#8221;]\r\n<p style=\"text-align: center;\"><span style=\"color: #000000;\"><strong>Scarica il caso studio<\/strong><\/span><\/p>\r\n\r\n<h1 class=\"title\"><\/h1>\r\n[\/vc_column_text]\n<div class=\"wpcf7 no-js\" id=\"wpcf7-f7020-o1\" lang=\"it-IT\" dir=\"ltr\" data-wpcf7-id=\"7020\">\n<div class=\"screen-reader-response\"><p role=\"status\" aria-live=\"polite\" aria-atomic=\"true\"><\/p> <ul><\/ul><\/div>\n<form action=\"\/it\/wp-json\/wp\/v2\/pages\/6829#wpcf7-f7020-o1\" method=\"post\" class=\"wpcf7-form init\" aria-label=\"Modulo di contatto\" novalidate=\"novalidate\" data-status=\"init\">\n<fieldset class=\"hidden-fields-container\"><input type=\"hidden\" name=\"_wpcf7\" value=\"7020\" \/><input type=\"hidden\" name=\"_wpcf7_version\" value=\"6.1.2\" \/><input type=\"hidden\" name=\"_wpcf7_locale\" value=\"it_IT\" \/><input type=\"hidden\" name=\"_wpcf7_unit_tag\" value=\"wpcf7-f7020-o1\" \/><input type=\"hidden\" name=\"_wpcf7_container_post\" value=\"0\" \/><input type=\"hidden\" name=\"_wpcf7_posted_data_hash\" value=\"\" \/>\n<\/fieldset>\n<div class=\"contact-form\">\n\t<div class=\"row\">\n<div class=\"clearfix\">\n\t\t<div class=\"col-sm-6\">\n\t\t\t<span class=\"wpcf7-form-control-wrap\" data-name=\"your-name\"><input size=\"40\" maxlength=\"400\" class=\"wpcf7-form-control wpcf7-text wpcf7-validates-as-required field-text\" aria-required=\"true\" aria-invalid=\"false\" placeholder=\"Nome*\" value=\"\" type=\"text\" name=\"your-name\" \/><\/span>\n\t\t<\/div>\n\t\t<div class=\"col-sm-6\">\n<span id=\"email-2\" class=\"wpcf7-form-control-wrap email-2-wrap\" style=\"display:none !important; visibility:hidden !important;\"><label for=\"email-2\" class=\"hp-message\">Si prega di lasciare vuoto questo campo.<\/label><input id=\"email-2\"  placeholder=\"email\"  class=\"wpcf7-form-control wpcf7-text email-2\" type=\"text\" name=\"email-2\" value=\"\" size=\"40\" tabindex=\"-1\" autocomplete=\"new-password\" \/><\/span>\n<span class=\"wpcf7-form-control-wrap\" data-name=\"your-email\"><input size=\"40\" maxlength=\"400\" class=\"wpcf7-form-control wpcf7-email wpcf7-validates-as-required wpcf7-text wpcf7-validates-as-email field-text\" aria-required=\"true\" aria-invalid=\"false\" placeholder=\"Email*\" value=\"\" type=\"email\" name=\"your-email\" \/><\/span><\/div>\n<\/div>\n<div class=\"col-sm-12\">\n\t\t\t<span class=\"wpcf7-form-control-wrap\" data-name=\"checkbox-terms\"><span class=\"wpcf7-form-control wpcf7-checkbox wpcf7-validates-as-required wpcf7-exclusive-checkbox\" id=\"psinformativa\"><span class=\"wpcf7-list-item first last\"><input type=\"checkbox\" name=\"checkbox-terms\" value=\"*\" \/><span class=\"wpcf7-list-item-label\">*<\/span><\/span><\/span><\/span>\n\t\t<\/div>\n\t\t<div class=\"col-sm-6\">\n\t\t\t<input class=\"wpcf7-form-control wpcf7-submit has-spinner ev-cont-it btn-blue\" type=\"submit\" value=\"INVIA\" \/>\n\t\t<\/div>\n<div class=\"col-sm-12\"><div class=\"wpcf7-response-output\" aria-hidden=\"true\"><\/div><\/div>\n\t<\/div>\n<\/div><input type='hidden' class='wpcf7-pum' value='{\"closepopup\":false,\"closedelay\":0,\"openpopup\":false,\"openpopup_id\":0}' \/>\n<\/form>\n<\/div>\n[vc_empty_space][\/vc_column][vc_column width=&#8221;1\/4&#8243;][\/vc_column][\/vc_row][vc_row equal_height=&#8221;yes&#8221; css=&#8221;.vc_custom_1615479708778{background-color: #fff7f4 !important;}&#8221;][vc_column][vc_text_separator title=&#8221;Approfondimenti&#8221; i_icon_fontawesome=&#8221;fas fa-search&#8221; i_color=&#8221;sandy_brown&#8221; i_size=&#8221;sm&#8221; color=&#8221;sandy_brown&#8221; add_icon=&#8221;true&#8221; css=&#8221;.vc_custom_1615479648113{margin-top: -30px !important;}&#8221;][vc_column_text css=&#8221;.vc_custom_1615799092580{margin-top: -30px !important;}&#8221;]\r\n<p style=\"text-align: center;\"><a href=\"https:\/\/www.neurowebdesign.it\/it\/ambiti-applicazione-eye-tracking\/\"><span style=\"color: #f79468;\"><em>I principali ambiti di applicazione dell&#8217;eye tracking<\/em><\/span><\/a><\/p>\r\n\r\n<h1 class=\"title\"><\/h1>\r\n[\/vc_column_text][\/vc_column][\/vc_row][vc_row full_width=&#8221;stretch_row&#8221; el_class=&#8221;offer-block&#8221; enable_overlay=&#8221;true&#8221; css=&#8221;.vc_custom_1457521268140{background-color: #ffffff !important;}&#8221;][vc_column][vc_btn title=&#8221;TORNA AI CASI STUDIO&#8221; style=&#8221;custom&#8221; custom_background=&#8221;#898989&#8243; custom_text=&#8221;#ffffff&#8221; shape=&#8221;square&#8221; align=&#8221;center&#8221; link=&#8221;url:https%3A%2F%2Fwww.neurowebdesign.it%2Fportfolio%2F|||&#8221;][\/vc_column][\/vc_row]<\/div>","protected":false},"excerpt":{"rendered":"[vc_row full_width=&#8221;stretch_row_content_no_spaces&#8221;][vc_column][vc_empty_space height=&#8221;50px&#8221;][\/vc_column][\/vc_row][vc_row equal_height=&#8221;yes&#8221;][vc_column width=&#8221;1\/2&#8243;][vc_column_text] Studio di Neuromarketing applicato al packaging del vino Neuromarketing del vino? Cos\u2019\u00e8? E perch\u00e9 \u00e8 cos\u00ec importante condurre uno studio di Neuromarketing per analizzare il packaging e le etichette delle bottiglie di vino? Nell\u2019acquisto di una bottiglia di vino molto spesso ci\u00f2 che fa la differenza \u00e8 soprattutto il packaging. [&hellip;]","protected":false},"author":9,"featured_media":0,"parent":0,"menu_order":0,"comment_status":"closed","ping_status":"closed","template":"","meta":{"_acf_changed":false,"footnotes":""},"class_list":["post-6829","page","type-page","status-publish","hentry"],"acf":[],"yoast_head":"<!-- This site is optimized with the Yoast SEO plugin v26.0 - https:\/\/yoast.com\/wordpress\/plugins\/seo\/ -->\n<title>(Italiano) Neuromarketing del vino: studio delle etichette per Erste+Neue | NeuroWebDesign<\/title>\n<meta name=\"description\" content=\"(Italiano) Qual \u00e8 l&#039;etichetta migliore per i miei consumatori? Uno studio di neuromarketing del vino ce lo pu\u00f2 dire. L&#039;analisi condotta per Erste+Neue ne \u00e8 un esempio.\" \/>\n<meta name=\"robots\" content=\"index, follow, max-snippet:-1, max-image-preview:large, max-video-preview:-1\" \/>\n<link rel=\"canonical\" href=\"https:\/\/www.neurowebdesign.it\/it\/italiano-neuromarketing-del-vino-studio-delle-etichette-per-ersteneue\/\" \/>\n<meta name=\"twitter:card\" content=\"summary_large_image\" \/>\n<meta name=\"twitter:title\" content=\"(Italiano) Neuromarketing del vino: studio delle etichette per Erste+Neue | NeuroWebDesign\" \/>\n<meta name=\"twitter:description\" content=\"(Italiano) Qual \u00e8 l&#039;etichetta migliore per i miei consumatori? Uno studio di neuromarketing del vino ce lo pu\u00f2 dire. L&#039;analisi condotta per Erste+Neue ne \u00e8 un esempio.\" \/>\n<meta name=\"twitter:label1\" content=\"Tempo di lettura stimato\" \/>\n\t<meta name=\"twitter:data1\" content=\"2 minuti\" \/>\n<script type=\"application\/ld+json\" class=\"yoast-schema-graph\">{\"@context\":\"https:\/\/schema.org\",\"@graph\":[{\"@type\":\"WebPage\",\"@id\":\"https:\/\/www.neurowebdesign.it\/it\/italiano-neuromarketing-del-vino-studio-delle-etichette-per-ersteneue\/\",\"url\":\"https:\/\/www.neurowebdesign.it\/it\/italiano-neuromarketing-del-vino-studio-delle-etichette-per-ersteneue\/\",\"name\":\"(Italiano) Neuromarketing del vino: studio delle etichette per Erste+Neue | NeuroWebDesign\",\"isPartOf\":{\"@id\":\"https:\/\/www.neurowebdesign.it\/it\/#website\"},\"datePublished\":\"2021-03-11T15:29:23+00:00\",\"dateModified\":\"2021-05-21T13:32:04+00:00\",\"description\":\"(Italiano) Qual \u00e8 l'etichetta migliore per i miei consumatori? Uno studio di neuromarketing del vino ce lo pu\u00f2 dire. L'analisi condotta per Erste+Neue ne \u00e8 un esempio.\",\"breadcrumb\":{\"@id\":\"https:\/\/www.neurowebdesign.it\/it\/italiano-neuromarketing-del-vino-studio-delle-etichette-per-ersteneue\/#breadcrumb\"},\"inLanguage\":\"it-IT\",\"potentialAction\":[{\"@type\":\"ReadAction\",\"target\":[[\"https:\/\/www.neurowebdesign.it\/it\/italiano-neuromarketing-del-vino-studio-delle-etichette-per-ersteneue\/\"]]}]},{\"@type\":\"BreadcrumbList\",\"@id\":\"https:\/\/www.neurowebdesign.it\/it\/italiano-neuromarketing-del-vino-studio-delle-etichette-per-ersteneue\/#breadcrumb\",\"itemListElement\":[{\"@type\":\"ListItem\",\"position\":1,\"name\":\"Home\",\"item\":\"https:\/\/www.neurowebdesign.it\/it\/\"},{\"@type\":\"ListItem\",\"position\":2,\"name\":\"(Italiano) Neuromarketing del vino: studio delle etichette per Erste+Neue\"}]},{\"@type\":\"WebSite\",\"@id\":\"https:\/\/www.neurowebdesign.it\/it\/#website\",\"url\":\"https:\/\/www.neurowebdesign.it\/it\/\",\"name\":\"NeuroWebDesign\",\"description\":\"Digital Emotions\",\"potentialAction\":[{\"@type\":\"SearchAction\",\"target\":{\"@type\":\"EntryPoint\",\"urlTemplate\":\"https:\/\/www.neurowebdesign.it\/it\/?s={search_term_string}\"},\"query-input\":{\"@type\":\"PropertyValueSpecification\",\"valueRequired\":true,\"valueName\":\"search_term_string\"}}],\"inLanguage\":\"it-IT\"}]}<\/script>\n<!-- \/ Yoast SEO plugin. -->","yoast_head_json":{"title":"(Italiano) Neuromarketing del vino: studio delle etichette per Erste+Neue | NeuroWebDesign","description":"(Italiano) Qual \u00e8 l'etichetta migliore per i miei consumatori? Uno studio di neuromarketing del vino ce lo pu\u00f2 dire. L'analisi condotta per Erste+Neue ne \u00e8 un esempio.","robots":{"index":"index","follow":"follow","max-snippet":"max-snippet:-1","max-image-preview":"max-image-preview:large","max-video-preview":"max-video-preview:-1"},"canonical":"https:\/\/www.neurowebdesign.it\/it\/italiano-neuromarketing-del-vino-studio-delle-etichette-per-ersteneue\/","twitter_card":"summary_large_image","twitter_title":"(Italiano) Neuromarketing del vino: studio delle etichette per Erste+Neue | NeuroWebDesign","twitter_description":"(Italiano) Qual \u00e8 l'etichetta migliore per i miei consumatori? Uno studio di neuromarketing del vino ce lo pu\u00f2 dire. L'analisi condotta per Erste+Neue ne \u00e8 un esempio.","twitter_misc":{"Tempo di lettura stimato":"2 minuti"},"schema":{"@context":"https:\/\/schema.org","@graph":[{"@type":"WebPage","@id":"https:\/\/www.neurowebdesign.it\/it\/italiano-neuromarketing-del-vino-studio-delle-etichette-per-ersteneue\/","url":"https:\/\/www.neurowebdesign.it\/it\/italiano-neuromarketing-del-vino-studio-delle-etichette-per-ersteneue\/","name":"(Italiano) Neuromarketing del vino: studio delle etichette per Erste+Neue | NeuroWebDesign","isPartOf":{"@id":"https:\/\/www.neurowebdesign.it\/it\/#website"},"datePublished":"2021-03-11T15:29:23+00:00","dateModified":"2021-05-21T13:32:04+00:00","description":"(Italiano) Qual \u00e8 l'etichetta migliore per i miei consumatori? Uno studio di neuromarketing del vino ce lo pu\u00f2 dire. L'analisi condotta per Erste+Neue ne \u00e8 un esempio.","breadcrumb":{"@id":"https:\/\/www.neurowebdesign.it\/it\/italiano-neuromarketing-del-vino-studio-delle-etichette-per-ersteneue\/#breadcrumb"},"inLanguage":"it-IT","potentialAction":[{"@type":"ReadAction","target":[["https:\/\/www.neurowebdesign.it\/it\/italiano-neuromarketing-del-vino-studio-delle-etichette-per-ersteneue\/"]]}]},{"@type":"BreadcrumbList","@id":"https:\/\/www.neurowebdesign.it\/it\/italiano-neuromarketing-del-vino-studio-delle-etichette-per-ersteneue\/#breadcrumb","itemListElement":[{"@type":"ListItem","position":1,"name":"Home","item":"https:\/\/www.neurowebdesign.it\/it\/"},{"@type":"ListItem","position":2,"name":"(Italiano) Neuromarketing del vino: studio delle etichette per Erste+Neue"}]},{"@type":"WebSite","@id":"https:\/\/www.neurowebdesign.it\/it\/#website","url":"https:\/\/www.neurowebdesign.it\/it\/","name":"NeuroWebDesign","description":"Digital Emotions","potentialAction":[{"@type":"SearchAction","target":{"@type":"EntryPoint","urlTemplate":"https:\/\/www.neurowebdesign.it\/it\/?s={search_term_string}"},"query-input":{"@type":"PropertyValueSpecification","valueRequired":true,"valueName":"search_term_string"}}],"inLanguage":"it-IT"}]}},"_links":{"self":[{"href":"https:\/\/www.neurowebdesign.it\/it\/wp-json\/wp\/v2\/pages\/6829","targetHints":{"allow":["GET"]}}],"collection":[{"href":"https:\/\/www.neurowebdesign.it\/it\/wp-json\/wp\/v2\/pages"}],"about":[{"href":"https:\/\/www.neurowebdesign.it\/it\/wp-json\/wp\/v2\/types\/page"}],"author":[{"embeddable":true,"href":"https:\/\/www.neurowebdesign.it\/it\/wp-json\/wp\/v2\/users\/9"}],"replies":[{"embeddable":true,"href":"https:\/\/www.neurowebdesign.it\/it\/wp-json\/wp\/v2\/comments?post=6829"}],"version-history":[{"count":0,"href":"https:\/\/www.neurowebdesign.it\/it\/wp-json\/wp\/v2\/pages\/6829\/revisions"}],"wp:attachment":[{"href":"https:\/\/www.neurowebdesign.it\/it\/wp-json\/wp\/v2\/media?parent=6829"}],"curies":[{"name":"wp","href":"https:\/\/api.w.org\/{rel}","templated":true}]}}