{"id":4009,"date":"2019-03-06T12:19:31","date_gmt":"2019-03-06T11:19:31","guid":{"rendered":"https:\/\/www.neurowebdesign.it\/it\/?page_id=4009"},"modified":"2021-10-15T14:07:02","modified_gmt":"2021-10-15T12:07:02","slug":"analisi-di-usabilita-con-strumenti-biometrici","status":"publish","type":"page","link":"https:\/\/www.neurowebdesign.it\/it\/packaging-brand-identity-video-advertising\/","title":{"rendered":"Packaging Test, Brand Identity e Video Advertising"},"content":{"rendered":"<div class=\"wpb-content-wrapper\">[vc_row full_width=&#8221;stretch_row_content_no_spaces&#8221;][vc_column]\n\t\t\t<!-- START brandpackaging REVOLUTION SLIDER 6.7.34 --><p class=\"rs-p-wp-fix\"><\/p>\n\t\t\t<rs-module-wrap id=\"rev_slider_112_1_wrapper\" data-source=\"gallery\" style=\"visibility:hidden;background:transparent;padding:0;margin:0px auto;margin-top:0;margin-bottom:0;\">\n\t\t\t\t<rs-module id=\"rev_slider_112_1\" style=\"\" data-version=\"6.7.34\">\n\t\t\t\t\t<rs-slides style=\"overflow: hidden; position: absolute;\">\n\t\t\t\t\t\t<rs-slide style=\"position: absolute;\" data-key=\"rs-179\" data-title=\"Slide\" data-duration=\"7000\" data-anim=\"r:0;\" data-in=\"o:1;\" data-out=\"o:1;\">\n\t\t\t\t\t\t\t<img decoding=\"async\" src=\"\/\/www.neurowebdesign.it\/wp-content\/plugins\/revslider\/sr6\/assets\/assets\/dummy.png\" alt=\"\" title=\"Packaging Test, Brand Identity e Video Advertising\" class=\"rev-slidebg tp-rs-img rs-lazyload\" data-lazyload=\"\/\/www.neurowebdesign.it\/wp-content\/uploads\/2019\/03\/neurowebdesign_brand-packaging-video_adv2.jpg\" data-bg=\"p:center top;\" data-parallax=\"10\" data-no-retina>\n<!--\n\t\t\t\t\t\t\t--><h1\n\t\t\t\t\t\t\t\tid=\"slider-112-slide-179-layer-1\" \n\t\t\t\t\t\t\t\tclass=\"rs-layer\"\n\t\t\t\t\t\t\t\tdata-type=\"text\"\n\t\t\t\t\t\t\t\tdata-color=\"rgba(255, 255, 255, 1)\"\n\t\t\t\t\t\t\t\tdata-rsp_ch=\"on\"\n\t\t\t\t\t\t\t\tdata-xy=\"x:c;y:m;\"\n\t\t\t\t\t\t\t\tdata-text=\"s:60,50,40,30;l:65,55,45,35;fw:300;a:center,left,center,left;\"\n\t\t\t\t\t\t\t\tdata-frame_1=\"e:power2.inOut;sp:150;\"\n\t\t\t\t\t\t\t\tdata-frame_999=\"e:nothing;st:w;sp:0;sR:6850.0006103516;\"\n\t\t\t\t\t\t\t\tstyle=\"z-index:5;font-family:'Raleway';\"\n\t\t\t\t\t\t\t><center>Packaging Test, Brand Identity <br> e Video Advertising<\/center>\n \n\t\t\t\t\t\t\t<\/h1><!--\n\n\t\t\t\t\t\t\t--><rs-layer\n\t\t\t\t\t\t\t\tid=\"slider-112-slide-179-layer-3\" \n\t\t\t\t\t\t\t\tdata-type=\"text\"\n\t\t\t\t\t\t\t\tdata-color=\"rgba(255, 255, 255, 1)\"\n\t\t\t\t\t\t\t\tdata-rsp_ch=\"on\"\n\t\t\t\t\t\t\t\tdata-xy=\"x:c;y:m;\"\n\t\t\t\t\t\t\t\tdata-text=\"s:60,50,40,30;l:65,55,45,35;fw:300;\"\n\t\t\t\t\t\t\t\tdata-frame_1=\"e:power2.inOut;sp:150;\"\n\t\t\t\t\t\t\t\tdata-frame_999=\"e:nothing;st:w;sp:0;sR:6850.0006103516;\"\n\t\t\t\t\t\t\t\tstyle=\"z-index:6;font-family:'Raleway';\"\n\t\t\t\t\t\t\t> \n\t\t\t\t\t\t\t<\/rs-layer><!--\n-->\t\t\t\t\t<\/rs-slide>\n\t\t\t\t\t<\/rs-slides>\n\t\t\t\t<\/rs-module>\n\t\t\t\t<script>\n\t\t\t\t\tsetREVStartSize({c: 'rev_slider_112_1',rl:[1240,1024,778,480],el:[400,300,250,200],gw:[1920,1024,778,480],gh:[400,300,250,200],type:'standard',justify:'',layout:'fullwidth',mh:\"0\"});if (window.RS_MODULES!==undefined && window.RS_MODULES.modules!==undefined && window.RS_MODULES.modules[\"revslider1121\"]!==undefined) {window.RS_MODULES.modules[\"revslider1121\"].once = false;window.revapi112 = undefined;if (window.RS_MODULES.checkMinimal!==undefined) window.RS_MODULES.checkMinimal()}\n\t\t\t\t<\/script>\n\t\t\t<\/rs-module-wrap>\n\t\t\t<!-- END REVOLUTION SLIDER -->\n[\/vc_column][\/vc_row][vc_row full_width=&#8221;stretch_row&#8221;][vc_column][vc_empty_space][vc_custom_heading text=&#8221;Il Neuromarketing per una pi\u00f9 efficace comprensione del comportamento dei consumatori.&#8221; font_container=&#8221;tag:h2|font_size:35|text_align:center|color:%2356c3db&#8221;][vc_empty_space][vc_column_text]Le neuroscienze hanno infinite possibilit\u00e0 di applicazione. Creano un <strong>prodotto\/servizio personalizzato sul tuo target<\/strong> di riferimento. Allo stesso tempo, <strong>abbattono i tempi di analisi<\/strong> necessari per creare una comunicazione performante e <strong>riducono i costi<\/strong> necessari per andare a modificare l&#8217;attivit\u00e0 di marketing post-pubblicazione.[\/vc_column_text][vc_custom_heading text=&#8221;Neuromarketing applicato alla tua Brand Identity, Packaging e Video Advertising&#8221; font_container=&#8221;tag:h2|font_size:35|text_align:center|color:%2356c3db&#8221;][vc_empty_space][\/vc_column][\/vc_row][vc_row full_width=&#8221;stretch_row&#8221;][vc_column width=&#8221;1\/2&#8243;][vc_single_image image=&#8221;4036&#8243; img_size=&#8221;full&#8221; alignment=&#8221;center&#8221;][\/vc_column][vc_column width=&#8221;1\/2&#8243;][vc_column_text]\r\n<h3 id=\"a-cosa-serve\" class=\"u-color-50 u-margin-top-xxl\"><strong>PACKAGING TEST<\/strong><\/h3>\r\nGrazie ad un&#8217;analisi di neuromarketing potrai comprendere se le <strong>caratteristiche principali del tuo packaging<\/strong> sono o meno attrattive per i tuoi consumatori. Il test pu\u00f2 essere realizzato prima o dopo la fase di lancio in base agli obiettivi che si pone la tua azienda. NeuroWebDesign pu\u00f2 darti una mano a prendere delle decisioni oggettive in merito a:\r\n<ul>\r\n \t<li style=\"line-height: 35px;\"><strong><em>COLORE<\/em><\/strong>; fondamentale per attirare l&#8217;attenzione e funzionale alla riconoscibilit\u00e0 del prodotto,<\/li>\r\n \t<li style=\"line-height: 35px;\"><strong><em>TEXTURE<\/em><\/strong>; la consistenza del packaging da delle prime indicazioni sulla qualit\u00e0 del prodotto,<\/li>\r\n \t<li style=\"line-height: 35px;\"><strong><em>GRAFICA<\/em><\/strong>; sono utilizzate ed inserite nel modo corretto le immagini del tuo packaging? le informazioni di prodotto sono facilmente visibili? Le immagini sono attrattive?<\/li>\r\n \t<li style=\"line-height: 35px;\"><strong><em>FORMA<\/em><\/strong>; crea aspettativa sulla qualit\u00e0 ed insieme al colore definisce la riconoscibilit\u00e0 del brand e del prodotto.<\/li>\r\n<\/ul>\r\n[\/vc_column_text][\/vc_column][\/vc_row][vc_row][vc_column][vc_empty_space][\/vc_column][\/vc_row][vc_row full_width=&#8221;stretch_row&#8221; css=&#8221;.vc_custom_1551869902377{background-color: #c7effc !important;}&#8221;][vc_column width=&#8221;1\/2&#8243;][vc_column_text]\r\n<h3 id=\"a-cosa-serve\" class=\"u-color-50 u-margin-top-xxl\"><strong>VIDEO ADVERTISING<\/strong><\/h3>\r\nComunicare attraverso un video genera un appeal decisamente superiore presso il pubblico di riferimento, anzich\u00e8 la mera comunicazione con immagini statiche. <strong>Coinvolgimento ed Attrazione in questo contesto sono le parole chiave<\/strong>. Un test di neuromarketing sul tuo spot pubblicitario, presentazione aziendale o quant&#8217;altro, ti permette di comprendere:\r\n<ul>\r\n \t<li style=\"line-height: 35px;\">Il grado di engagement generato dal tuo video durante la somministrazione al consumatore.<\/li>\r\n \t<li style=\"line-height: 35px;\">Il livello di stress percepito, frame per frame.<\/li>\r\n \t<li style=\"line-height: 35px;\">La trovabilit\u00e0 (<em>findability<\/em>) degli elementi chiave di cui \u00e8 costituito il tuo video come: logo, value proposition, etc..<\/li>\r\n<\/ul>\r\nNeuroWebDesign pu\u00f2 aiutarti a creare una comunicazione su misura e da subito efficace.[\/vc_column_text][\/vc_column][vc_column width=&#8221;1\/2&#8243;][vc_single_image image=&#8221;4037&#8243; img_size=&#8221;full&#8221; alignment=&#8221;center&#8221;][\/vc_column][\/vc_row][vc_row][vc_column][vc_empty_space][\/vc_column][\/vc_row][vc_row full_width=&#8221;stretch_row&#8221;][vc_column width=&#8221;1\/2&#8243;][vc_single_image image=&#8221;4359&#8243; img_size=&#8221;full&#8221; alignment=&#8221;center&#8221;][\/vc_column][vc_column width=&#8221;1\/2&#8243;][vc_column_text]\r\n<h3 id=\"a-cosa-serve\" class=\"u-color-50 u-margin-top-xxl\"><strong>BRAND IDENTITY (Logo Design, Attributi di marca, Payoff test, etc..)<\/strong><\/h3>\r\nIl team di ricercatori di NeuroWebDesign ti aiuta nel definire o modificare le peculiarit\u00e0 pi\u00f9 importanti di cui \u00e8 formata la tua Brand Identity. Attraverso l&#8217;utilizzo della nostra tecnologia potrai scoprire se i consumatori della tua azienda percepiscono realmente gli attributi di marca che vuoi comunicare. Ad esempio, attraverso un <strong>Implicit-Association-Test<\/strong> (IAT) puoi comprendere la correlazione tra l&#8217;attributo INNOVAZIONE ed il tuo marchio rispetto a quanto viene associato ai tuoi principali competitors. Ancora, se sei una startup o un&#8217;azienda che ha necessit\u00e0 di rivedere o rifare il proprio logo, attraverso un&#8217;analisi di neuromarketing ti aiutiamo a definire da subito il layout pi\u00f9 performante in termini di coinvolgimento, attribuiti associati e riconoscibilit\u00e0.\r\n\r\nQuesto ti permette di apportare correzioni o di scoprire nuove opportunit\u00e0 da applicare alle attivit\u00e0 di marketing interne ed esterne all&#8217;azienda cos\u00ec da <strong>comunicare nel modo pi\u00f9 corretto e persuasivo<\/strong>.[\/vc_column_text][\/vc_column][\/vc_row][vc_row full_width=&#8221;stretch_row&#8221;][vc_column][vc_custom_heading text=&#8221;Scopri anche&#8221; font_container=&#8221;tag:h2|font_size:35|text_align:center|color:%2356c3db&#8221; use_theme_fonts=&#8221;yes&#8221;][\/vc_column][\/vc_row][vc_row][vc_column width=&#8221;1\/3&#8243; offset=&#8221;vc_hidden-xs&#8221; css=&#8221;.vc_custom_1551698478668{margin-bottom: -50px !important;}&#8221;][interective_banner effects=&#8221;effect-apollo&#8221; url=&#8221;url:https%3A%2F%2Fwww.neurowebdesign.it%2Fit%2Fanalisi-di-usabilita-e-user-experience%2F|||&#8221; titlesize=&#8221;&#8221; clr=&#8221;#ffffff&#8221; blank=&#8221;&#8221; title=&#8221;Analisi di Usabilit\u00e0 e User Experience&#8221; image_id=&#8221;4269&#8243;][\/vc_column][vc_column width=&#8221;1\/3&#8243; offset=&#8221;vc_hidden-xs&#8221;][interective_banner effects=&#8221;effect-apollo&#8221; url=&#8221;url:https%3A%2F%2Fwww.neurowebdesign.it%2Fit%2Fneuromarketing-e-turismo%2F&#8221; titlesize=&#8221;&#8221; clr=&#8221;#ffffff&#8221; blank=&#8221;&#8221; title=&#8221;Neuromarketing e Turismo&#8221; image_id=&#8221;4270&#8243; caption_url=&#8221;&#8221;][\/vc_column][vc_column width=&#8221;1\/3&#8243; offset=&#8221;vc_hidden-xs&#8221;][interective_banner effects=&#8221;effect-apollo&#8221; url=&#8221;url:https%3A%2F%2Fwww.neurowebdesign.it%2Fit%2Fconsulenza%2F|||&#8221; titlesize=&#8221;&#8221; clr=&#8221;#ffffff&#8221; blank=&#8221;&#8221; title=&#8221;Consulenza&#8221; image_id=&#8221;4272&#8243;][\/vc_column][\/vc_row][vc_row equal_height=&#8221;yes&#8221;][vc_column width=&#8221;1\/3&#8243; offset=&#8221;vc_hidden-lg vc_hidden-md vc_hidden-sm&#8221; css=&#8221;.vc_custom_1557411550822{margin-top: 0px !important;margin-bottom: 0px !important;}&#8221;][interective_banner effects=&#8221;effect-apollo&#8221; url=&#8221;url:https%3A%2F%2Fwww.neurowebdesign.it%2Fit%2Fanalisi-di-usabilita-e-user-experience%2F|||&#8221; clr=&#8221;#ffffff&#8221; blank=&#8221;&#8221; title=&#8221;Analisi di Usabilit\u00e0 e User Experience&#8221; image_id=&#8221;4298&#8243;][\/vc_column][vc_column width=&#8221;1\/3&#8243; offset=&#8221;vc_hidden-lg vc_hidden-md vc_hidden-sm&#8221; css=&#8221;.vc_custom_1557411556926{margin-top: 0px !important;margin-bottom: 0px !important;}&#8221;][interective_banner effects=&#8221;effect-apollo&#8221; url=&#8221;url:https%3A%2F%2Fwww.neurowebdesign.it%2Fit%2Fneuromarketing-e-turismo%2F&#8221; clr=&#8221;#ffffff&#8221; blank=&#8221;&#8221; title=&#8221;Neuromarketing e Turismo&#8221; image_id=&#8221;4297&#8243; caption_url=&#8221;&#8221;][\/vc_column][vc_column width=&#8221;1\/3&#8243; offset=&#8221;vc_hidden-lg vc_hidden-md vc_hidden-sm&#8221; css=&#8221;.vc_custom_1557411565746{margin-top: 0px !important;margin-bottom: 0px !important;}&#8221;][interective_banner effects=&#8221;effect-apollo&#8221; url=&#8221;url:https%3A%2F%2Fwww.neurowebdesign.it%2Fit%2Fconsulenza%2F|||&#8221; clr=&#8221;#ffffff&#8221; blank=&#8221;&#8221; title=&#8221;Consulenza&#8221; image_id=&#8221;4300&#8243;][\/vc_column][\/vc_row][vc_row full_width=&#8221;stretch_row&#8221;][vc_column][vc_empty_space height=&#8221;60px&#8221;][\/vc_column][\/vc_row][vc_row full_width=&#8221;stretch_row&#8221; content_placement=&#8221;middle&#8221; css=&#8221;.vc_custom_1551706719727{background-color: #c7effc !important;}&#8221;][vc_column width=&#8221;1\/2&#8243; offset=&#8221;vc_hidden-xs&#8221;][vc_single_image image=&#8221;3750&#8243; img_size=&#8221;full&#8221; alignment=&#8221;center&#8221;][\/vc_column][vc_column width=&#8221;1\/2&#8243; offset=&#8221;vc_hidden-xs&#8221;][vc_custom_heading text=&#8221;Richiedi ora un'&#8221; font_container=&#8221;tag:h2|font_size:32|text_align:center|color:%23000000&#8243; google_fonts=&#8221;font_family:Titillium%20Web%3A200%2C200italic%2C300%2C300italic%2Cregular%2Citalic%2C600%2C600italic%2C700%2C700italic%2C900|font_style:600%20bold%20regular%3A600%3Anormal&#8221;][vc_custom_heading text=&#8221;Analisi di Neuromarketing&#8221; font_container=&#8221;tag:h2|font_size:40|text_align:center&#8221; google_fonts=&#8221;font_family:Titillium%20Web%3A200%2C200italic%2C300%2C300italic%2Cregular%2Citalic%2C600%2C600italic%2C700%2C700italic%2C900|font_style:600%20bold%20regular%3A600%3Anormal&#8221;][vc_custom_heading text=&#8221;per la tua azienda&#8221; font_container=&#8221;tag:h2|font_size:32|text_align:center|color:%23000000&#8243; google_fonts=&#8221;font_family:Titillium%20Web%3A200%2C200italic%2C300%2C300italic%2Cregular%2Citalic%2C600%2C600italic%2C700%2C700italic%2C900|font_style:600%20bold%20regular%3A600%3Anormal&#8221;][vc_empty_space][vc_column_text]\r\n<p style=\"text-align: center;\"><a class=\"btn-gold\" href=\"\/it\/coltiva-la-tua-idea\">CONTATTACI<\/a><\/p>\r\n[\/vc_column_text][\/vc_column][\/vc_row][vc_row full_width=&#8221;stretch_row&#8221; content_placement=&#8221;middle&#8221; css=&#8221;.vc_custom_1551706719727{background-color: #c7effc !important;}&#8221;][vc_column width=&#8221;1\/2&#8243; offset=&#8221;vc_hidden-lg vc_hidden-md vc_hidden-sm&#8221; css=&#8221;.vc_custom_1551707270037{margin-bottom: -32px !important;}&#8221;][vc_single_image image=&#8221;3750&#8243; img_size=&#8221;medium&#8221; alignment=&#8221;center&#8221;][\/vc_column][vc_column width=&#8221;1\/2&#8243; offset=&#8221;vc_hidden-lg vc_hidden-md vc_hidden-sm&#8221;][vc_custom_heading text=&#8221;Richiedi ora un'&#8221; font_container=&#8221;tag:h2|font_size:24|text_align:center|color:%23000000&#8243; google_fonts=&#8221;font_family:Titillium%20Web%3A200%2C200italic%2C300%2C300italic%2Cregular%2Citalic%2C600%2C600italic%2C700%2C700italic%2C900|font_style:600%20bold%20regular%3A600%3Anormal&#8221;][vc_custom_heading text=&#8221;Analisi di Neuromarketing&#8221; font_container=&#8221;tag:h2|font_size:32|text_align:center&#8221; google_fonts=&#8221;font_family:Titillium%20Web%3A200%2C200italic%2C300%2C300italic%2Cregular%2Citalic%2C600%2C600italic%2C700%2C700italic%2C900|font_style:600%20bold%20regular%3A600%3Anormal&#8221;][vc_custom_heading text=&#8221;per la tua azienda&#8221; font_container=&#8221;tag:h2|font_size:24|text_align:center|color:%23000000&#8243; google_fonts=&#8221;font_family:Titillium%20Web%3A200%2C200italic%2C300%2C300italic%2Cregular%2Citalic%2C600%2C600italic%2C700%2C700italic%2C900|font_style:600%20bold%20regular%3A600%3Anormal&#8221;][vc_empty_space][vc_column_text]\r\n<p style=\"text-align: center;\"><a class=\"btn-gold\" href=\"\/it\/coltiva-la-tua-idea\">CONTATTACI<\/a><\/p>\r\n[\/vc_column_text][\/vc_column][\/vc_row]<\/div>","protected":false},"excerpt":{"rendered":"[vc_row full_width=&#8221;stretch_row_content_no_spaces&#8221;][vc_column][\/vc_column][\/vc_row][vc_row full_width=&#8221;stretch_row&#8221;][vc_column][vc_empty_space][vc_custom_heading text=&#8221;Il Neuromarketing per una pi\u00f9 efficace comprensione del comportamento dei consumatori.&#8221; font_container=&#8221;tag:h2|font_size:35|text_align:center|color:%2356c3db&#8221;][vc_empty_space][vc_column_text]Le neuroscienze hanno infinite possibilit\u00e0 di applicazione. Creano un prodotto\/servizio personalizzato sul tuo target di riferimento. Allo stesso tempo, abbattono i tempi di analisi necessari per creare una comunicazione performante e riducono i costi necessari per andare a modificare l&#8217;attivit\u00e0 di [&hellip;]","protected":false},"author":9,"featured_media":0,"parent":0,"menu_order":0,"comment_status":"closed","ping_status":"closed","template":"","meta":{"_acf_changed":false,"footnotes":""},"class_list":["post-4009","page","type-page","status-publish","hentry"],"acf":[],"yoast_head":"<!-- This site is optimized with the Yoast SEO plugin v26.0 - https:\/\/yoast.com\/wordpress\/plugins\/seo\/ -->\n<title>Packaging, Brand Identity, Video Advertising | NeuroWebDesign<\/title>\n<meta name=\"description\" content=\"Packaging &amp; Branding: scopri come aumentare l&#039;efficacia comunicativa e promuovere il tuo brand con un&#039;analisi di Neuromarketing.\" \/>\n<meta name=\"robots\" content=\"index, follow, max-snippet:-1, max-image-preview:large, max-video-preview:-1\" \/>\n<link rel=\"canonical\" href=\"https:\/\/www.neurowebdesign.it\/it\/packaging-brand-identity-video-advertising\/\" \/>\n<meta name=\"twitter:card\" content=\"summary_large_image\" \/>\n<meta name=\"twitter:title\" content=\"Packaging, Brand Identity, Video Advertising | NeuroWebDesign\" \/>\n<meta name=\"twitter:description\" content=\"Packaging &amp; Branding: scopri come aumentare l&#039;efficacia comunicativa e promuovere il tuo brand con un&#039;analisi di Neuromarketing.\" \/>\n<meta name=\"twitter:label1\" content=\"Tempo di lettura stimato\" \/>\n\t<meta name=\"twitter:data1\" content=\"13 minuti\" \/>\n<script type=\"application\/ld+json\" class=\"yoast-schema-graph\">{\"@context\":\"https:\/\/schema.org\",\"@graph\":[{\"@type\":\"WebPage\",\"@id\":\"https:\/\/www.neurowebdesign.it\/it\/packaging-brand-identity-video-advertising\/\",\"url\":\"https:\/\/www.neurowebdesign.it\/it\/packaging-brand-identity-video-advertising\/\",\"name\":\"Packaging, Brand Identity, Video Advertising | NeuroWebDesign\",\"isPartOf\":{\"@id\":\"https:\/\/www.neurowebdesign.it\/it\/#website\"},\"datePublished\":\"2019-03-06T11:19:31+00:00\",\"dateModified\":\"2021-10-15T12:07:02+00:00\",\"description\":\"Packaging & Branding: scopri come aumentare l'efficacia comunicativa e promuovere il tuo brand con un'analisi di Neuromarketing.\",\"breadcrumb\":{\"@id\":\"https:\/\/www.neurowebdesign.it\/it\/packaging-brand-identity-video-advertising\/#breadcrumb\"},\"inLanguage\":\"it-IT\",\"potentialAction\":[{\"@type\":\"ReadAction\",\"target\":[[\"https:\/\/www.neurowebdesign.it\/it\/packaging-brand-identity-video-advertising\/\"]]}]},{\"@type\":\"BreadcrumbList\",\"@id\":\"https:\/\/www.neurowebdesign.it\/it\/packaging-brand-identity-video-advertising\/#breadcrumb\",\"itemListElement\":[{\"@type\":\"ListItem\",\"position\":1,\"name\":\"Home\",\"item\":\"https:\/\/www.neurowebdesign.it\/it\/\"},{\"@type\":\"ListItem\",\"position\":2,\"name\":\"Packaging Test, Brand Identity e Video Advertising\"}]},{\"@type\":\"WebSite\",\"@id\":\"https:\/\/www.neurowebdesign.it\/it\/#website\",\"url\":\"https:\/\/www.neurowebdesign.it\/it\/\",\"name\":\"NeuroWebDesign\",\"description\":\"Digital Emotions\",\"potentialAction\":[{\"@type\":\"SearchAction\",\"target\":{\"@type\":\"EntryPoint\",\"urlTemplate\":\"https:\/\/www.neurowebdesign.it\/it\/?s={search_term_string}\"},\"query-input\":{\"@type\":\"PropertyValueSpecification\",\"valueRequired\":true,\"valueName\":\"search_term_string\"}}],\"inLanguage\":\"it-IT\"}]}<\/script>\n<!-- \/ Yoast SEO plugin. -->","yoast_head_json":{"title":"Packaging, Brand Identity, Video Advertising | NeuroWebDesign","description":"Packaging & Branding: scopri come aumentare l'efficacia comunicativa e promuovere il tuo brand con un'analisi di Neuromarketing.","robots":{"index":"index","follow":"follow","max-snippet":"max-snippet:-1","max-image-preview":"max-image-preview:large","max-video-preview":"max-video-preview:-1"},"canonical":"https:\/\/www.neurowebdesign.it\/it\/packaging-brand-identity-video-advertising\/","twitter_card":"summary_large_image","twitter_title":"Packaging, Brand Identity, Video Advertising | NeuroWebDesign","twitter_description":"Packaging & Branding: scopri come aumentare l'efficacia comunicativa e promuovere il tuo brand con un'analisi di Neuromarketing.","twitter_misc":{"Tempo di lettura stimato":"13 minuti"},"schema":{"@context":"https:\/\/schema.org","@graph":[{"@type":"WebPage","@id":"https:\/\/www.neurowebdesign.it\/it\/packaging-brand-identity-video-advertising\/","url":"https:\/\/www.neurowebdesign.it\/it\/packaging-brand-identity-video-advertising\/","name":"Packaging, Brand Identity, Video Advertising | NeuroWebDesign","isPartOf":{"@id":"https:\/\/www.neurowebdesign.it\/it\/#website"},"datePublished":"2019-03-06T11:19:31+00:00","dateModified":"2021-10-15T12:07:02+00:00","description":"Packaging & Branding: scopri come aumentare l'efficacia comunicativa e promuovere il tuo brand con un'analisi di Neuromarketing.","breadcrumb":{"@id":"https:\/\/www.neurowebdesign.it\/it\/packaging-brand-identity-video-advertising\/#breadcrumb"},"inLanguage":"it-IT","potentialAction":[{"@type":"ReadAction","target":[["https:\/\/www.neurowebdesign.it\/it\/packaging-brand-identity-video-advertising\/"]]}]},{"@type":"BreadcrumbList","@id":"https:\/\/www.neurowebdesign.it\/it\/packaging-brand-identity-video-advertising\/#breadcrumb","itemListElement":[{"@type":"ListItem","position":1,"name":"Home","item":"https:\/\/www.neurowebdesign.it\/it\/"},{"@type":"ListItem","position":2,"name":"Packaging Test, Brand Identity e Video Advertising"}]},{"@type":"WebSite","@id":"https:\/\/www.neurowebdesign.it\/it\/#website","url":"https:\/\/www.neurowebdesign.it\/it\/","name":"NeuroWebDesign","description":"Digital Emotions","potentialAction":[{"@type":"SearchAction","target":{"@type":"EntryPoint","urlTemplate":"https:\/\/www.neurowebdesign.it\/it\/?s={search_term_string}"},"query-input":{"@type":"PropertyValueSpecification","valueRequired":true,"valueName":"search_term_string"}}],"inLanguage":"it-IT"}]}},"_links":{"self":[{"href":"https:\/\/www.neurowebdesign.it\/it\/wp-json\/wp\/v2\/pages\/4009","targetHints":{"allow":["GET"]}}],"collection":[{"href":"https:\/\/www.neurowebdesign.it\/it\/wp-json\/wp\/v2\/pages"}],"about":[{"href":"https:\/\/www.neurowebdesign.it\/it\/wp-json\/wp\/v2\/types\/page"}],"author":[{"embeddable":true,"href":"https:\/\/www.neurowebdesign.it\/it\/wp-json\/wp\/v2\/users\/9"}],"replies":[{"embeddable":true,"href":"https:\/\/www.neurowebdesign.it\/it\/wp-json\/wp\/v2\/comments?post=4009"}],"version-history":[{"count":0,"href":"https:\/\/www.neurowebdesign.it\/it\/wp-json\/wp\/v2\/pages\/4009\/revisions"}],"wp:attachment":[{"href":"https:\/\/www.neurowebdesign.it\/it\/wp-json\/wp\/v2\/media?parent=4009"}],"curies":[{"name":"wp","href":"https:\/\/api.w.org\/{rel}","templated":true}]}}