{"id":3912,"date":"2019-03-04T12:16:56","date_gmt":"2019-03-04T11:16:56","guid":{"rendered":"https:\/\/www.neurowebdesign.it\/it\/?page_id=3912"},"modified":"2021-10-15T14:52:00","modified_gmt":"2021-10-15T12:52:00","slug":"analisi-di-usabilita-4","status":"publish","type":"page","link":"https:\/\/www.neurowebdesign.it\/it\/test-di-usabilita-online\/","title":{"rendered":"Test di Usabilit\u00e0 Online"},"content":{"rendered":"<div class=\"wpb-content-wrapper\">[vc_row full_width=&#8221;stretch_row_content_no_spaces&#8221;][vc_column]\n\t\t\t<!-- START analisitradizionale REVOLUTION SLIDER 6.7.34 --><p class=\"rs-p-wp-fix\"><\/p>\n\t\t\t<rs-module-wrap id=\"rev_slider_109_1_wrapper\" data-source=\"gallery\" style=\"visibility:hidden;background:transparent;padding:0;margin:0px auto;margin-top:0;margin-bottom:0;\">\n\t\t\t\t<rs-module id=\"rev_slider_109_1\" style=\"\" data-version=\"6.7.34\">\n\t\t\t\t\t<rs-slides style=\"overflow: hidden; position: absolute;\">\n\t\t\t\t\t\t<rs-slide style=\"position: absolute;\" data-key=\"rs-176\" data-title=\"Slide\" data-duration=\"7000\" data-anim=\"r:0;\" data-in=\"o:1;\" data-out=\"o:1;\">\n\t\t\t\t\t\t\t<img decoding=\"async\" src=\"\/\/www.neurowebdesign.it\/wp-content\/plugins\/revslider\/sr6\/assets\/assets\/dummy.png\" alt=\"\" title=\"Test di Usabilit\u00e0 Online\" class=\"rev-slidebg tp-rs-img rs-lazyload\" data-lazyload=\"\/\/www.neurowebdesign.it\/wp-content\/uploads\/2020\/04\/online-user-test.jpg\" data-bg=\"p:center top;\" data-parallax=\"10\" data-no-retina>\n<!--\n\t\t\t\t\t\t\t--><h1\n\t\t\t\t\t\t\t\tid=\"slider-109-slide-176-layer-1\" \n\t\t\t\t\t\t\t\tclass=\"rs-layer\"\n\t\t\t\t\t\t\t\tdata-type=\"text\"\n\t\t\t\t\t\t\t\tdata-color=\"rgba(255, 255, 255, 1)\"\n\t\t\t\t\t\t\t\tdata-rsp_ch=\"on\"\n\t\t\t\t\t\t\t\tdata-xy=\"x:c;y:m;\"\n\t\t\t\t\t\t\t\tdata-text=\"s:60,50,40,35;l:50,45,30,25;fw:300;a:left,center,left,left;\"\n\t\t\t\t\t\t\t\tdata-frame_1=\"e:power2.inOut;sp:150;\"\n\t\t\t\t\t\t\t\tdata-frame_999=\"e:nothing;st:w;sp:0;sR:6850.0006103516;\"\n\t\t\t\t\t\t\t\tstyle=\"z-index:5;font-family:'Raleway';\"\n\t\t\t\t\t\t\t><center>Test di Usabilit\u00e0 da remoto<\/center>\n\n \n\t\t\t\t\t\t\t<\/h1><!--\n-->\t\t\t\t\t<\/rs-slide>\n\t\t\t\t\t<\/rs-slides>\n\t\t\t\t<\/rs-module>\n\t\t\t\t<script>\n\t\t\t\t\tsetREVStartSize({c: 'rev_slider_109_1',rl:[1240,1024,778,480],el:[400,300,250,199],gw:[1920,1024,778,480],gh:[400,300,250,200],type:'standard',justify:'',layout:'fullwidth',mh:\"0\"});if (window.RS_MODULES!==undefined && window.RS_MODULES.modules!==undefined && window.RS_MODULES.modules[\"revslider1091\"]!==undefined) {window.RS_MODULES.modules[\"revslider1091\"].once = false;window.revapi109 = undefined;if (window.RS_MODULES.checkMinimal!==undefined) window.RS_MODULES.checkMinimal()}\n\t\t\t\t<\/script>\n\t\t\t<\/rs-module-wrap>\n\t\t\t<!-- END REVOLUTION SLIDER -->\n[\/vc_column][\/vc_row][vc_row full_width=&#8221;stretch_row&#8221;][vc_column][vc_empty_space][vc_custom_heading text=&#8221;Migliora l&#8217;usabilit\u00e0 del tuo sito web o e-commerce&#8221; font_container=&#8221;tag:h2|font_size:35|text_align:center|color:%2356c3db&#8221; google_fonts=&#8221;font_family:Montserrat%3Aregular%2C700|font_style:400%20regular%3A400%3Anormal&#8221;][vc_empty_space][\/vc_column][\/vc_row][vc_row full_width=&#8221;stretch_row&#8221;][vc_column width=&#8221;1\/2&#8243;][vc_column_text]\r\n<h3 id=\"a-cosa-serve\" class=\"u-color-50 u-margin-top-xxl\"><strong>Quando \u00e8 meglio eseguire un test di usabilit\u00e0?<\/strong><\/h3>\r\nI test di usabilit\u00e0 effettuati con strumentazione di tracciamento oculare via webcam e tool di intelligenza artificiale sono di estrema utilit\u00e0 se svolti durante la <strong>fase di sviluppo<\/strong> di una piattaforma digitale, in quanto consentono di apportare modifiche che potrebbero rivelarsi pi\u00f9 costose in termini di tempo e investimento se realizzate in un secondo momento.\r\n\r\nPossono comunque essere svolti <strong>quando il servizio digitale \u00e8 gi\u00e0 pubblicato<\/strong>, per comprendere al meglio le problematiche riscontrate dall&#8217;utente, andando pi\u00f9 a fondo nel suo comportamento di navigazione a quanto facciano i semplici dati di Google Analytics o dei software che analizzano il movimento del mouse. Questo permette di riprogettare alcune componenti della piattaforma stessa in un&#8217;ottica pi\u00f9 &#8220;User-friendly&#8221; e quindi pi\u00f9 efficace.[\/vc_column_text][\/vc_column][vc_column width=&#8221;1\/2&#8243;][vc_empty_space][vc_single_image image=&#8221;3940&#8243; img_size=&#8221;full&#8221; alignment=&#8221;center&#8221;][\/vc_column][\/vc_row][vc_row full_width=&#8221;stretch_row&#8221;][vc_column][vc_column_text]\r\n<h3 id=\"come-si-utilizza\" class=\"u-color-50 u-margin-top-xxl\"><strong>Come si svolge un test di usabilit\u00e0 da remoto?<\/strong><\/h3>\r\nIl team di NeuroWebDesign utilizza i <strong>migliori software di Eye Tracking e Intelligenza Artificiale<\/strong> per svolgere test di usabilit\u00e0 da remoto e fornirti una visione a 360\u00b0 del processo di navigazione dei tuoi utenti. Analizza i dati ricavati e ti fornisce <strong>soluzioni adeguate<\/strong> all&#8217;incremento delle performance della tua piattaforma online in un&#8217;ottica utenti-centrica.\r\n\r\nOltre ad un report completo sull&#8217;analisi e sulle migliorie da apportare, i nostri ricercatori ti seguiranno passo per passo nell&#8217;ottimizzazione del tuo servizio online attraverso un<strong> supporto costante nel corso dei mesi<\/strong> e indirizzandoti verso il <strong>miglioramento della CRO e del ROI<\/strong>.[\/vc_column_text][\/vc_column][\/vc_row][vc_row full_width=&#8221;stretch_row&#8221;][vc_column][vc_empty_space][vc_custom_heading text=&#8221;Analisi dell&#8217;Attenzione&#8221; font_container=&#8221;tag:h2|font_size:35|text_align:center|color:%2356c3db&#8221; use_theme_fonts=&#8221;yes&#8221;][vc_empty_space][vc_column_text]Grazie ai nostri<strong> software di tracciamento oculare (Eye Tracking) e Intelligenza Artificiale<\/strong>, siamo in grado di analizzare il movimento dell&#8217;occhio umano di chi naviga in un sito web nei primi secondi di navigazione. Riusciamo in tal modo a capire cosa attira fin da subito lo sguardo dell&#8217;utente e quindi l&#8217;efficacia della tua interfaccia<strong> desktop o mobile<\/strong> per i tuoi obiettivi di business.[\/vc_column_text][\/vc_column][vc_column width=&#8221;1\/2&#8243;][vc_column_text]\r\n<h3><strong>Osserva come gli utenti interagiscono con il tuo sito<\/strong><\/h3>\r\nTi permette di prendere delle <strong>decisioni oggettive<\/strong>, basate sull&#8217;analisi del movimento dello sguardo degli utenti nel web. Ad esempio, se sei indeciso se pubblicare la versione A o la versione B di una pagina web, puoi utilizzare questa metodologia per comprendere prima della sua pubblicazione, quale versione sia la pi\u00f9 performante.\r\n<h3><strong>Cosa possiamo fare per te<\/strong><\/h3>\r\nCon questa tipologia di test, NeuroWebDesign \u00e8 in grado di garantirti delle soluzioni rapide, facilmente implementabili e ti permette di raggiungere un&#8217;ottima affidabilit\u00e0 statistica cos\u00ec che <strong>ogni tua decisione sia supportata dai dati<\/strong>. Inoltre, questo approccio ti permette di comprendere sin da subito (prima della pubblicazione) se il tuo prodotto\/servizio ha l&#8217;impatto desiderato.[\/vc_column_text][\/vc_column][vc_column width=&#8221;1\/2&#8243;][vc_single_image image=&#8221;3990&#8243; img_size=&#8221;full&#8221; alignment=&#8221;center&#8221;][\/vc_column][\/vc_row][vc_row full_width=&#8221;stretch_row&#8221;][vc_column][vc_custom_heading text=&#8221;Scopri anche&#8221; font_container=&#8221;tag:h2|font_size:35|text_align:center|color:%2356c3db&#8221; use_theme_fonts=&#8221;yes&#8221;][\/vc_column][\/vc_row][vc_row][vc_column width=&#8221;1\/3&#8243; offset=&#8221;vc_hidden-xs&#8221; css=&#8221;.vc_custom_1551698478668{margin-bottom: -50px !important;}&#8221;][interective_banner effects=&#8221;effect-apollo&#8221; url=&#8221;url:https%3A%2F%2Fwww.neurowebdesign.it%2Fit%2Ftest-di-usabilita-con-strumenti-biometrici%2F|||&#8221; titlesize=&#8221;&#8221; clr=&#8221;#ffffff&#8221; blank=&#8221;&#8221; title=&#8221;Test di Usabilit\u00e0 con strumenti biometrici&#8221; image_id=&#8221;4281&#8243;][\/vc_column][vc_column width=&#8221;1\/3&#8243; offset=&#8221;vc_hidden-xs&#8221;][interective_banner effects=&#8221;effect-apollo&#8221; url=&#8221;url:https%3A%2F%2Fwww.neurowebdesign.it%2Fit%2Fpackaging-brand-identity-video-advertising%2F|||&#8221; titlesize=&#8221;&#8221; clr=&#8221;#ffffff&#8221; blank=&#8221;&#8221; title=&#8221;Packaging Test, Brand Idendity, Video Advertising&#8221; image_id=&#8221;4273&#8243;][\/vc_column][vc_column width=&#8221;1\/3&#8243; offset=&#8221;vc_hidden-xs&#8221;][interective_banner effects=&#8221;effect-apollo&#8221; url=&#8221;url:https%3A%2F%2Fwww.neurowebdesign.it%2Fit%2Fneuromarketing-e-turismo%2F&#8221; titlesize=&#8221;&#8221; clr=&#8221;#ffffff&#8221; blank=&#8221;&#8221; title=&#8221;Neuromarketing e Turismo&#8221; image_id=&#8221;4270&#8243;][\/vc_column][\/vc_row][vc_row equal_height=&#8221;yes&#8221;][vc_column width=&#8221;1\/3&#8243; offset=&#8221;vc_hidden-lg vc_hidden-md vc_hidden-sm&#8221; css=&#8221;.vc_custom_1557411859203{margin-top: 0px !important;margin-bottom: 0px !important;}&#8221;][interective_banner effects=&#8221;effect-apollo&#8221; url=&#8221;url:https%3A%2F%2Fwww.neurowebdesign.it%2Fit%2Ftest-di-usabilita-con-strumenti-biometrici%2F|||&#8221; clr=&#8221;#ffffff&#8221; blank=&#8221;&#8221; title=&#8221;Test di Usabilit\u00e0 con strumenti biometrici&#8221; image_id=&#8221;4318&#8243;][\/vc_column][vc_column width=&#8221;1\/3&#8243; offset=&#8221;vc_hidden-lg vc_hidden-md vc_hidden-sm&#8221; css=&#8221;.vc_custom_1557411865954{margin-top: 0px !important;margin-bottom: 0px !important;}&#8221;][interective_banner effects=&#8221;effect-apollo&#8221; url=&#8221;url:https%3A%2F%2Fwww.neurowebdesign.it%2Fit%2Fpackaging-brand-identity-video-advertising%2F|||&#8221; clr=&#8221;#ffffff&#8221; blank=&#8221;&#8221; title=&#8221;Packaging Test, Brand Idendity, Video Advertising&#8221; image_id=&#8221;4299&#8243;][\/vc_column][vc_column width=&#8221;1\/3&#8243; offset=&#8221;vc_hidden-lg vc_hidden-md vc_hidden-sm&#8221; css=&#8221;.vc_custom_1557411873360{margin-top: 0px !important;margin-bottom: 0px !important;}&#8221;][interective_banner effects=&#8221;effect-apollo&#8221; url=&#8221;url:https%3A%2F%2Fwww.neurowebdesign.it%2Fit%2Fneuromarketing-e-turismo%2F&#8221; clr=&#8221;#ffffff&#8221; blank=&#8221;&#8221; title=&#8221;Neuromarketing e Turismo&#8221; image_id=&#8221;4297&#8243;][\/vc_column][\/vc_row][vc_row full_width=&#8221;stretch_row&#8221;][vc_column][vc_empty_space height=&#8221;60px&#8221;][\/vc_column][\/vc_row][vc_row full_width=&#8221;stretch_row&#8221; content_placement=&#8221;middle&#8221; css=&#8221;.vc_custom_1551706719727{background-color: #c7effc !important;}&#8221;][vc_column width=&#8221;1\/2&#8243; offset=&#8221;vc_hidden-xs&#8221;][vc_single_image image=&#8221;3750&#8243; img_size=&#8221;full&#8221; alignment=&#8221;center&#8221;][\/vc_column][vc_column width=&#8221;1\/2&#8243; offset=&#8221;vc_hidden-xs&#8221;][vc_custom_heading text=&#8221;Richiedi ora un&#8221; font_container=&#8221;tag:h2|font_size:32|text_align:center|color:%23000000&#8243; google_fonts=&#8221;font_family:Titillium%20Web%3A200%2C200italic%2C300%2C300italic%2Cregular%2Citalic%2C600%2C600italic%2C700%2C700italic%2C900|font_style:600%20bold%20regular%3A600%3Anormal&#8221;][vc_custom_heading text=&#8221;Test di Usabilit\u00e0 Online&#8221; font_container=&#8221;tag:h2|font_size:40|text_align:center&#8221; google_fonts=&#8221;font_family:Titillium%20Web%3A200%2C200italic%2C300%2C300italic%2Cregular%2Citalic%2C600%2C600italic%2C700%2C700italic%2C900|font_style:600%20bold%20regular%3A600%3Anormal&#8221;][vc_custom_heading text=&#8221;per la tua piattaforma digitale&#8221; font_container=&#8221;tag:h2|font_size:32|text_align:center|color:%23000000&#8243; google_fonts=&#8221;font_family:Titillium%20Web%3A200%2C200italic%2C300%2C300italic%2Cregular%2Citalic%2C600%2C600italic%2C700%2C700italic%2C900|font_style:600%20bold%20regular%3A600%3Anormal&#8221;][vc_empty_space][vc_column_text]\r\n<p style=\"text-align: center;\"><a class=\"btn-gold\" href=\"\/it\/coltiva-la-tua-idea\">CONTATTACI<\/a><\/p>\r\n[\/vc_column_text][\/vc_column][\/vc_row][vc_row full_width=&#8221;stretch_row&#8221; content_placement=&#8221;middle&#8221; css=&#8221;.vc_custom_1551706719727{background-color: #c7effc !important;}&#8221;][vc_column width=&#8221;1\/2&#8243; offset=&#8221;vc_hidden-lg vc_hidden-md vc_hidden-sm&#8221; css=&#8221;.vc_custom_1551707270037{margin-bottom: -32px !important;}&#8221;][vc_single_image image=&#8221;3750&#8243; img_size=&#8221;medium&#8221; alignment=&#8221;center&#8221;][\/vc_column][vc_column width=&#8221;1\/2&#8243; offset=&#8221;vc_hidden-lg vc_hidden-md vc_hidden-sm&#8221;][vc_custom_heading text=&#8221;Richiedi ora un&#8221; font_container=&#8221;tag:h2|font_size:24|text_align:center|color:%23000000&#8243; google_fonts=&#8221;font_family:Titillium%20Web%3A200%2C200italic%2C300%2C300italic%2Cregular%2Citalic%2C600%2C600italic%2C700%2C700italic%2C900|font_style:600%20bold%20regular%3A600%3Anormal&#8221;][vc_custom_heading text=&#8221;Test di Usabilit\u00e0 Online&#8221; font_container=&#8221;tag:h2|font_size:32|text_align:center&#8221; google_fonts=&#8221;font_family:Titillium%20Web%3A200%2C200italic%2C300%2C300italic%2Cregular%2Citalic%2C600%2C600italic%2C700%2C700italic%2C900|font_style:600%20bold%20regular%3A600%3Anormal&#8221;][vc_custom_heading text=&#8221;per la tua piattaforma digitale&#8221; font_container=&#8221;tag:h2|font_size:24|text_align:center|color:%23000000&#8243; google_fonts=&#8221;font_family:Titillium%20Web%3A200%2C200italic%2C300%2C300italic%2Cregular%2Citalic%2C600%2C600italic%2C700%2C700italic%2C900|font_style:600%20bold%20regular%3A600%3Anormal&#8221;][vc_empty_space][vc_column_text]\r\n<p style=\"text-align: center;\"><a class=\"btn-gold\" href=\"\/it\/coltiva-la-tua-idea\">CONTATTACI<\/a><\/p>\r\n[\/vc_column_text][\/vc_column][\/vc_row]<\/div>","protected":false},"excerpt":{"rendered":"[vc_row full_width=&#8221;stretch_row_content_no_spaces&#8221;][vc_column][\/vc_column][\/vc_row][vc_row full_width=&#8221;stretch_row&#8221;][vc_column][vc_empty_space][vc_custom_heading text=&#8221;Migliora l&#8217;usabilit\u00e0 del tuo sito web o e-commerce&#8221; font_container=&#8221;tag:h2|font_size:35|text_align:center|color:%2356c3db&#8221; google_fonts=&#8221;font_family:Montserrat%3Aregular%2C700|font_style:400%20regular%3A400%3Anormal&#8221;][vc_empty_space][\/vc_column][\/vc_row][vc_row full_width=&#8221;stretch_row&#8221;][vc_column width=&#8221;1\/2&#8243;][vc_column_text] Quando \u00e8 meglio eseguire un test di usabilit\u00e0? I test di usabilit\u00e0 effettuati con strumentazione di tracciamento oculare via webcam e tool di intelligenza artificiale sono di estrema utilit\u00e0 se svolti durante la fase di sviluppo di una piattaforma digitale, [&hellip;]","protected":false},"author":9,"featured_media":0,"parent":0,"menu_order":0,"comment_status":"closed","ping_status":"closed","template":"","meta":{"_acf_changed":false,"footnotes":""},"class_list":["post-3912","page","type-page","status-publish","hentry"],"acf":[],"yoast_head":"<!-- This site is optimized with the Yoast SEO plugin v26.0 - https:\/\/yoast.com\/wordpress\/plugins\/seo\/ -->\n<title>Test di Usabilit\u00e0 Online | NeuroWebDesign, UX e Neuromarketing<\/title>\n<meta name=\"description\" content=\"Vuoi migliorare l&#039;usabilit\u00e0 della tua piattaforma digitale attraverso una metodologia innovativa e agile? Scopri ora i nostri test di usabilit\u00e0 online!\" \/>\n<meta name=\"robots\" content=\"index, follow, max-snippet:-1, max-image-preview:large, max-video-preview:-1\" \/>\n<link rel=\"canonical\" href=\"https:\/\/www.neurowebdesign.it\/it\/test-di-usabilita-online\/\" \/>\n<meta name=\"twitter:card\" content=\"summary_large_image\" \/>\n<meta name=\"twitter:title\" content=\"Test di Usabilit\u00e0 Online | NeuroWebDesign, UX e Neuromarketing\" \/>\n<meta name=\"twitter:description\" content=\"Vuoi migliorare l&#039;usabilit\u00e0 della tua piattaforma digitale attraverso una metodologia innovativa e agile? Scopri ora i nostri test di usabilit\u00e0 online!\" \/>\n<meta name=\"twitter:label1\" content=\"Tempo di lettura stimato\" \/>\n\t<meta name=\"twitter:data1\" content=\"13 minuti\" \/>\n<script type=\"application\/ld+json\" class=\"yoast-schema-graph\">{\"@context\":\"https:\/\/schema.org\",\"@graph\":[{\"@type\":\"WebPage\",\"@id\":\"https:\/\/www.neurowebdesign.it\/it\/test-di-usabilita-online\/\",\"url\":\"https:\/\/www.neurowebdesign.it\/it\/test-di-usabilita-online\/\",\"name\":\"Test di Usabilit\u00e0 Online | NeuroWebDesign, UX e Neuromarketing\",\"isPartOf\":{\"@id\":\"https:\/\/www.neurowebdesign.it\/it\/#website\"},\"datePublished\":\"2019-03-04T11:16:56+00:00\",\"dateModified\":\"2021-10-15T12:52:00+00:00\",\"description\":\"Vuoi migliorare l'usabilit\u00e0 della tua piattaforma digitale attraverso una metodologia innovativa e agile? Scopri ora i nostri test di usabilit\u00e0 online!\",\"breadcrumb\":{\"@id\":\"https:\/\/www.neurowebdesign.it\/it\/test-di-usabilita-online\/#breadcrumb\"},\"inLanguage\":\"it-IT\",\"potentialAction\":[{\"@type\":\"ReadAction\",\"target\":[[\"https:\/\/www.neurowebdesign.it\/it\/test-di-usabilita-online\/\"]]}]},{\"@type\":\"BreadcrumbList\",\"@id\":\"https:\/\/www.neurowebdesign.it\/it\/test-di-usabilita-online\/#breadcrumb\",\"itemListElement\":[{\"@type\":\"ListItem\",\"position\":1,\"name\":\"Home\",\"item\":\"https:\/\/www.neurowebdesign.it\/it\/\"},{\"@type\":\"ListItem\",\"position\":2,\"name\":\"Test di Usabilit\u00e0 Online\"}]},{\"@type\":\"WebSite\",\"@id\":\"https:\/\/www.neurowebdesign.it\/it\/#website\",\"url\":\"https:\/\/www.neurowebdesign.it\/it\/\",\"name\":\"NeuroWebDesign\",\"description\":\"Digital Emotions\",\"potentialAction\":[{\"@type\":\"SearchAction\",\"target\":{\"@type\":\"EntryPoint\",\"urlTemplate\":\"https:\/\/www.neurowebdesign.it\/it\/?s={search_term_string}\"},\"query-input\":{\"@type\":\"PropertyValueSpecification\",\"valueRequired\":true,\"valueName\":\"search_term_string\"}}],\"inLanguage\":\"it-IT\"}]}<\/script>\n<!-- \/ Yoast SEO plugin. -->","yoast_head_json":{"title":"Test di Usabilit\u00e0 Online | NeuroWebDesign, UX e Neuromarketing","description":"Vuoi migliorare l'usabilit\u00e0 della tua piattaforma digitale attraverso una metodologia innovativa e agile? Scopri ora i nostri test di usabilit\u00e0 online!","robots":{"index":"index","follow":"follow","max-snippet":"max-snippet:-1","max-image-preview":"max-image-preview:large","max-video-preview":"max-video-preview:-1"},"canonical":"https:\/\/www.neurowebdesign.it\/it\/test-di-usabilita-online\/","twitter_card":"summary_large_image","twitter_title":"Test di Usabilit\u00e0 Online | NeuroWebDesign, UX e Neuromarketing","twitter_description":"Vuoi migliorare l'usabilit\u00e0 della tua piattaforma digitale attraverso una metodologia innovativa e agile? Scopri ora i nostri test di usabilit\u00e0 online!","twitter_misc":{"Tempo di lettura stimato":"13 minuti"},"schema":{"@context":"https:\/\/schema.org","@graph":[{"@type":"WebPage","@id":"https:\/\/www.neurowebdesign.it\/it\/test-di-usabilita-online\/","url":"https:\/\/www.neurowebdesign.it\/it\/test-di-usabilita-online\/","name":"Test di Usabilit\u00e0 Online | NeuroWebDesign, UX e Neuromarketing","isPartOf":{"@id":"https:\/\/www.neurowebdesign.it\/it\/#website"},"datePublished":"2019-03-04T11:16:56+00:00","dateModified":"2021-10-15T12:52:00+00:00","description":"Vuoi migliorare l'usabilit\u00e0 della tua piattaforma digitale attraverso una metodologia innovativa e agile? Scopri ora i nostri test di usabilit\u00e0 online!","breadcrumb":{"@id":"https:\/\/www.neurowebdesign.it\/it\/test-di-usabilita-online\/#breadcrumb"},"inLanguage":"it-IT","potentialAction":[{"@type":"ReadAction","target":[["https:\/\/www.neurowebdesign.it\/it\/test-di-usabilita-online\/"]]}]},{"@type":"BreadcrumbList","@id":"https:\/\/www.neurowebdesign.it\/it\/test-di-usabilita-online\/#breadcrumb","itemListElement":[{"@type":"ListItem","position":1,"name":"Home","item":"https:\/\/www.neurowebdesign.it\/it\/"},{"@type":"ListItem","position":2,"name":"Test di Usabilit\u00e0 Online"}]},{"@type":"WebSite","@id":"https:\/\/www.neurowebdesign.it\/it\/#website","url":"https:\/\/www.neurowebdesign.it\/it\/","name":"NeuroWebDesign","description":"Digital Emotions","potentialAction":[{"@type":"SearchAction","target":{"@type":"EntryPoint","urlTemplate":"https:\/\/www.neurowebdesign.it\/it\/?s={search_term_string}"},"query-input":{"@type":"PropertyValueSpecification","valueRequired":true,"valueName":"search_term_string"}}],"inLanguage":"it-IT"}]}},"_links":{"self":[{"href":"https:\/\/www.neurowebdesign.it\/it\/wp-json\/wp\/v2\/pages\/3912","targetHints":{"allow":["GET"]}}],"collection":[{"href":"https:\/\/www.neurowebdesign.it\/it\/wp-json\/wp\/v2\/pages"}],"about":[{"href":"https:\/\/www.neurowebdesign.it\/it\/wp-json\/wp\/v2\/types\/page"}],"author":[{"embeddable":true,"href":"https:\/\/www.neurowebdesign.it\/it\/wp-json\/wp\/v2\/users\/9"}],"replies":[{"embeddable":true,"href":"https:\/\/www.neurowebdesign.it\/it\/wp-json\/wp\/v2\/comments?post=3912"}],"version-history":[{"count":0,"href":"https:\/\/www.neurowebdesign.it\/it\/wp-json\/wp\/v2\/pages\/3912\/revisions"}],"wp:attachment":[{"href":"https:\/\/www.neurowebdesign.it\/it\/wp-json\/wp\/v2\/media?parent=3912"}],"curies":[{"name":"wp","href":"https:\/\/api.w.org\/{rel}","templated":true}]}}