{"id":3893,"date":"2019-03-05T10:53:48","date_gmt":"2019-03-05T09:53:48","guid":{"rendered":"https:\/\/www.neurowebdesign.it\/it\/?page_id=3893"},"modified":"2021-10-15T14:01:52","modified_gmt":"2021-10-15T12:01:52","slug":"analisi-di-usabilita-5","status":"publish","type":"page","link":"https:\/\/www.neurowebdesign.it\/it\/analisi-di-usabilita-e-user-experience\/","title":{"rendered":"Analisi di Usabilit\u00e0 e User Experience"},"content":{"rendered":"<div class=\"wpb-content-wrapper\">[vc_row full_width=&#8221;stretch_row_content_no_spaces&#8221;][vc_column]\n\t\t\t<!-- START analisiusabilitaux_it REVOLUTION SLIDER 6.7.34 --><p class=\"rs-p-wp-fix\"><\/p>\n\t\t\t<rs-module-wrap id=\"rev_slider_113_1_wrapper\" data-source=\"gallery\" style=\"visibility:hidden;background:transparent;padding:0;margin:0px auto;margin-top:0;margin-bottom:0;\">\n\t\t\t\t<rs-module id=\"rev_slider_113_1\" style=\"\" data-version=\"6.7.34\">\n\t\t\t\t\t<rs-slides style=\"overflow: hidden; position: absolute;\">\n\t\t\t\t\t\t<rs-slide style=\"position: absolute;\" data-key=\"rs-180\" data-title=\"Slide\" data-duration=\"7000\" data-anim=\"r:0;\" data-in=\"o:1;\" data-out=\"o:1;\">\n\t\t\t\t\t\t\t<img decoding=\"async\" src=\"\/\/www.neurowebdesign.it\/wp-content\/plugins\/revslider\/sr6\/assets\/assets\/dummy.png\" alt=\"\" title=\"Analisi di Usabilit\u00e0 e User Experience\" class=\"rev-slidebg tp-rs-img rs-lazyload\" data-lazyload=\"\/\/www.neurowebdesign.it\/wp-content\/uploads\/2019\/03\/neurowebdesign_analisi-usabilit\u00e0.jpg\" data-bg=\"p:center top;\" data-parallax=\"10\" data-no-retina>\n<!--\n\t\t\t\t\t\t\t--><h1\n\t\t\t\t\t\t\t\tid=\"slider-113-slide-180-layer-1\" \n\t\t\t\t\t\t\t\tclass=\"rs-layer\"\n\t\t\t\t\t\t\t\tdata-type=\"text\"\n\t\t\t\t\t\t\t\tdata-color=\"rgba(255, 255, 255, 1)\"\n\t\t\t\t\t\t\t\tdata-rsp_ch=\"on\"\n\t\t\t\t\t\t\t\tdata-xy=\"x:c;y:m;\"\n\t\t\t\t\t\t\t\tdata-text=\"s:60,50,40,30;l:65,55,45,35;fw:300;a:center,center,center,left;\"\n\t\t\t\t\t\t\t\tdata-frame_1=\"e:power2.inOut;sp:150;\"\n\t\t\t\t\t\t\t\tdata-frame_999=\"e:nothing;st:w;sp:0;sR:6850.0003051758;\"\n\t\t\t\t\t\t\t\tstyle=\"z-index:5;font-family:'Raleway';\"\n\t\t\t\t\t\t\t><center>Test di Usabilit\u00e0\n<br> e User Experience<\/center> \n\t\t\t\t\t\t\t<\/h1><!--\n-->\t\t\t\t\t<\/rs-slide>\n\t\t\t\t\t<\/rs-slides>\n\t\t\t\t<\/rs-module>\n\t\t\t\t<script>\n\t\t\t\t\tsetREVStartSize({c: 'rev_slider_113_1',rl:[1240,1024,778,480],el:[400,300,250,200],gw:[1920,1024,778,480],gh:[400,300,250,200],type:'standard',justify:'',layout:'fullwidth',mh:\"0\"});if (window.RS_MODULES!==undefined && window.RS_MODULES.modules!==undefined && window.RS_MODULES.modules[\"revslider1131\"]!==undefined) {window.RS_MODULES.modules[\"revslider1131\"].once = false;window.revapi113 = undefined;if (window.RS_MODULES.checkMinimal!==undefined) window.RS_MODULES.checkMinimal()}\n\t\t\t\t<\/script>\n\t\t\t<\/rs-module-wrap>\n\t\t\t<!-- END REVOLUTION SLIDER -->\n[\/vc_column][\/vc_row][vc_row full_width=&#8221;stretch_row&#8221; el_class=&#8221;offer-block&#8221; enable_overlay=&#8221;true&#8221; css=&#8221;.vc_custom_1499681135885{background-color: #ffffff !important;}&#8221;][vc_column][vc_custom_heading text=&#8221;Analisi di Usabilit\u00e0: migliora la performance del tuo sito web&#8221; font_container=&#8221;tag:h2|font_size:40|text_align:center|color:%2356c3db&#8221; use_theme_fonts=&#8221;yes&#8221;][\/vc_column][\/vc_row][vc_row full_width=&#8221;stretch_row&#8221;][vc_column width=&#8221;1\/2&#8243;][vc_column_text]\r\n<h3><strong>Che cos&#8217;\u00e8 l&#8217;usabilit\u00e0?<\/strong><\/h3>\r\nL&#8217;<strong>usabilit\u00e0<\/strong> pu\u00f2 essere\u00a0 definita come la misura in cui un prodotto pu\u00f2 essere usato da specifici utenti per raggiungere specifici obiettivi con efficacia, efficienza e soddisfazione, in uno specifico contesto d&#8217;uso.\r\n\r\nTi sei mai chiesto se il tuo sito \u00e8:\r\n<ul>\r\n \t<li style=\"line-height: 35px;\">facile da navigare?<\/li>\r\n \t<li style=\"line-height: 35px;\">semplice da capire?<\/li>\r\n \t<li style=\"line-height: 35px;\">privo di ostacoli?<\/li>\r\n<\/ul>\r\nQueste sono solo alcune delle domande a cui i test di usabilit\u00e0 cercano di rispondere.\r\n\r\nUn&#8217;<strong>analisi di usabilit\u00e0<\/strong> ti permette di comprendere quali sono i maggiori ostacoli che le persone incontrano durante la navigazione del tuo sito web o e-commerce, offrendoti soluzioni<strong>\u00a0<\/strong>per risolvere i problemi che impediscono agli utenti di raggiungere i propri obiettivi online.[\/vc_column_text][\/vc_column][vc_column width=&#8221;1\/2&#8243;][vc_single_image image=&#8221;6342&#8243; img_size=&#8221;full&#8221;][\/vc_column][\/vc_row][vc_row full_width=&#8221;stretch_row&#8221;][vc_column][vc_column_text]\r\n<h3><strong>Test di usabilit\u00e0: i nostri metodi di valutazione\u00a0<\/strong><\/h3>\r\n<strong>TEST DA REMOTO:<\/strong>\u00a0nostri software di tracciamento oculare (<strong>Eye Tracking<\/strong>) e Intelligenza Artificiale (<strong>AI<\/strong>) sono in grado di analizzare il movimento dell&#8217;occhio di chi naviga su un sito nei primi secondi di navigazione.\r\n\r\n<strong>TEST CON STRUMENTAZIONE BIOMETRICA<\/strong>: <a href=\"https:\/\/www.neurowebdesign.it\/it\/neuromarketing-elettroencefalogramma-eeg\/\">EEG<\/a>, <a href=\"https:\/\/www.neurowebdesign.it\/it\/ambiti-applicazione-eye-tracking\/\">Eye Tracking<\/a> e GSR, utilizzati in laboratorio, consentono di conoscere ed analizzare il comportamento degli utenti permettendoti di vedere come si muove realmente chi naviga il tuo sito: cosa guarda, dove clicca, quando scrolla. Strumenti preziosi per decidere quali modifiche apportare per ottimizzare le conversioni.\r\n\r\n&nbsp;\r\n<h3><strong>Hai bisogno di analizzare il tuo sito Web o il tuo e-commerce?<\/strong><\/h3>\r\nNeuroWebDesign, attraverso i propri <strong>Test di Usabilit\u00e0<\/strong>, pu\u00f2 aiutarti a costruire un sito, applicazione, portale che rispetti tutti i principi di Usabilit\u00e0 cos\u00ec da ottenere un&#8217;interfaccia pi\u00f9 intuitiva e che stimoli maggiormente i tuoi consumatori alla conversione.[\/vc_column_text][\/vc_column][\/vc_row][vc_row][vc_column width=&#8221;1\/2&#8243; offset=&#8221;vc_hidden-xs&#8221; css=&#8221;.vc_custom_1551698478668{margin-bottom: -50px !important;}&#8221;][interective_banner effects=&#8221;effect-apollo&#8221; url=&#8221;url:%2Fit%2Ftest-di-usabilita-online|||&#8221; titlesize=&#8221;&#8221; clr=&#8221;#ffffff&#8221; blank=&#8221;&#8221; title=&#8221;Test di Usabilit\u00e0 da remoto&#8221; image_id=&#8221;5285&#8243; alt=&#8221;Test di usabilit\u00e0 da remoto&#8221;][\/vc_column][vc_column width=&#8221;1\/2&#8243; offset=&#8221;vc_hidden-xs&#8221;][interective_banner effects=&#8221;effect-apollo&#8221; url=&#8221;url:https%3A%2F%2Fwww.neurowebdesign.it%2Fit%2Ftest-di-usabilita-con-strumenti-biometrici%2F|||&#8221; titlesize=&#8221;&#8221; clr=&#8221;#ffffff&#8221; blank=&#8221;&#8221; title=&#8221;Test di Usabilit\u00e0 con Strumenti biometrici&#8221; image_id=&#8221;4281&#8243;][\/vc_column][\/vc_row][vc_row equal_height=&#8221;yes&#8221;][vc_column width=&#8221;1\/2&#8243; offset=&#8221;vc_hidden-lg vc_hidden-md vc_hidden-sm&#8221; css=&#8221;.vc_custom_1557406435267{margin-top: 0px !important;margin-bottom: 0px !important;}&#8221;][interective_banner effects=&#8221;effect-apollo&#8221; url=&#8221;url:%2Fit%2Ftest-di-usabilita-online|||&#8221; clr=&#8221;#ffffff&#8221; blank=&#8221;&#8221; title=&#8221;Test di Usabilit\u00e0 da remoto&#8221; image_id=&#8221;5286&#8243;][\/vc_column][vc_column width=&#8221;1\/2&#8243; offset=&#8221;vc_hidden-lg vc_hidden-md vc_hidden-sm&#8221; css=&#8221;.vc_custom_1557406442018{margin-top: 0px !important;margin-bottom: 0px !important;}&#8221;][interective_banner effects=&#8221;effect-apollo&#8221; url=&#8221;url:https%3A%2F%2Fwww.neurowebdesign.it%2Fit%2Ftest-di-usabilita-con-strumenti-biometrici%2F|||&#8221; clr=&#8221;#ffffff&#8221; blank=&#8221;&#8221; title=&#8221;test di usabilit\u00e0 con strumenti biometrici&#8221; image_id=&#8221;4318&#8243;][\/vc_column][\/vc_row][vc_row full_width=&#8221;stretch_row&#8221;][vc_column][vc_empty_space height=&#8221;60px&#8221;][\/vc_column][\/vc_row]<\/div>","protected":false},"excerpt":{"rendered":"[vc_row full_width=&#8221;stretch_row_content_no_spaces&#8221;][vc_column][\/vc_column][\/vc_row][vc_row full_width=&#8221;stretch_row&#8221; el_class=&#8221;offer-block&#8221; enable_overlay=&#8221;true&#8221; css=&#8221;.vc_custom_1499681135885{background-color: #ffffff !important;}&#8221;][vc_column][vc_custom_heading text=&#8221;Analisi di Usabilit\u00e0: migliora la performance del tuo sito web&#8221; font_container=&#8221;tag:h2|font_size:40|text_align:center|color:%2356c3db&#8221; use_theme_fonts=&#8221;yes&#8221;][\/vc_column][\/vc_row][vc_row full_width=&#8221;stretch_row&#8221;][vc_column width=&#8221;1\/2&#8243;][vc_column_text] Che cos&#8217;\u00e8 l&#8217;usabilit\u00e0? L&#8217;usabilit\u00e0 pu\u00f2 essere\u00a0 definita come la misura in cui un prodotto pu\u00f2 essere usato da specifici utenti per raggiungere specifici obiettivi con efficacia, efficienza e soddisfazione, in uno specifico contesto [&hellip;]","protected":false},"author":9,"featured_media":0,"parent":0,"menu_order":0,"comment_status":"closed","ping_status":"closed","template":"","meta":{"_acf_changed":false,"footnotes":""},"class_list":["post-3893","page","type-page","status-publish","hentry"],"acf":[],"yoast_head":"<!-- This site is optimized with the Yoast SEO plugin v26.0 - https:\/\/yoast.com\/wordpress\/plugins\/seo\/ -->\n<title>Test di Usabilit\u00e0 | NeuroWebDesign, Agenzia di UX e Neuromarketing<\/title>\n<meta name=\"description\" content=\"Test da remoto e test con utenti. Scopri come gli utenti interagiscono con il tuo sito o il tuo e-commerce.\" \/>\n<meta name=\"robots\" content=\"index, follow, max-snippet:-1, max-image-preview:large, max-video-preview:-1\" \/>\n<link rel=\"canonical\" href=\"https:\/\/www.neurowebdesign.it\/it\/analisi-di-usabilita-e-user-experience\/\" \/>\n<meta name=\"twitter:card\" content=\"summary_large_image\" \/>\n<meta name=\"twitter:title\" content=\"Test di Usabilit\u00e0 | NeuroWebDesign, Agenzia di UX e Neuromarketing\" \/>\n<meta name=\"twitter:description\" content=\"Test da remoto e test con utenti. Scopri come gli utenti interagiscono con il tuo sito o il tuo e-commerce.\" \/>\n<meta name=\"twitter:label1\" content=\"Tempo di lettura stimato\" \/>\n\t<meta name=\"twitter:data1\" content=\"5 minuti\" \/>\n<script type=\"application\/ld+json\" class=\"yoast-schema-graph\">{\"@context\":\"https:\/\/schema.org\",\"@graph\":[{\"@type\":\"WebPage\",\"@id\":\"https:\/\/www.neurowebdesign.it\/it\/analisi-di-usabilita-e-user-experience\/\",\"url\":\"https:\/\/www.neurowebdesign.it\/it\/analisi-di-usabilita-e-user-experience\/\",\"name\":\"Test di Usabilit\u00e0 | NeuroWebDesign, Agenzia di UX e Neuromarketing\",\"isPartOf\":{\"@id\":\"https:\/\/www.neurowebdesign.it\/it\/#website\"},\"datePublished\":\"2019-03-05T09:53:48+00:00\",\"dateModified\":\"2021-10-15T12:01:52+00:00\",\"description\":\"Test da remoto e test con utenti. Scopri come gli utenti interagiscono con il tuo sito o il tuo e-commerce.\",\"breadcrumb\":{\"@id\":\"https:\/\/www.neurowebdesign.it\/it\/analisi-di-usabilita-e-user-experience\/#breadcrumb\"},\"inLanguage\":\"it-IT\",\"potentialAction\":[{\"@type\":\"ReadAction\",\"target\":[[\"https:\/\/www.neurowebdesign.it\/it\/analisi-di-usabilita-e-user-experience\/\"]]}]},{\"@type\":\"BreadcrumbList\",\"@id\":\"https:\/\/www.neurowebdesign.it\/it\/analisi-di-usabilita-e-user-experience\/#breadcrumb\",\"itemListElement\":[{\"@type\":\"ListItem\",\"position\":1,\"name\":\"Home\",\"item\":\"https:\/\/www.neurowebdesign.it\/it\/\"},{\"@type\":\"ListItem\",\"position\":2,\"name\":\"Analisi di Usabilit\u00e0 e User Experience\"}]},{\"@type\":\"WebSite\",\"@id\":\"https:\/\/www.neurowebdesign.it\/it\/#website\",\"url\":\"https:\/\/www.neurowebdesign.it\/it\/\",\"name\":\"NeuroWebDesign\",\"description\":\"Digital Emotions\",\"potentialAction\":[{\"@type\":\"SearchAction\",\"target\":{\"@type\":\"EntryPoint\",\"urlTemplate\":\"https:\/\/www.neurowebdesign.it\/it\/?s={search_term_string}\"},\"query-input\":{\"@type\":\"PropertyValueSpecification\",\"valueRequired\":true,\"valueName\":\"search_term_string\"}}],\"inLanguage\":\"it-IT\"}]}<\/script>\n<!-- \/ Yoast SEO plugin. -->","yoast_head_json":{"title":"Test di Usabilit\u00e0 | NeuroWebDesign, Agenzia di UX e Neuromarketing","description":"Test da remoto e test con utenti. Scopri come gli utenti interagiscono con il tuo sito o il tuo e-commerce.","robots":{"index":"index","follow":"follow","max-snippet":"max-snippet:-1","max-image-preview":"max-image-preview:large","max-video-preview":"max-video-preview:-1"},"canonical":"https:\/\/www.neurowebdesign.it\/it\/analisi-di-usabilita-e-user-experience\/","twitter_card":"summary_large_image","twitter_title":"Test di Usabilit\u00e0 | NeuroWebDesign, Agenzia di UX e Neuromarketing","twitter_description":"Test da remoto e test con utenti. Scopri come gli utenti interagiscono con il tuo sito o il tuo e-commerce.","twitter_misc":{"Tempo di lettura stimato":"5 minuti"},"schema":{"@context":"https:\/\/schema.org","@graph":[{"@type":"WebPage","@id":"https:\/\/www.neurowebdesign.it\/it\/analisi-di-usabilita-e-user-experience\/","url":"https:\/\/www.neurowebdesign.it\/it\/analisi-di-usabilita-e-user-experience\/","name":"Test di Usabilit\u00e0 | NeuroWebDesign, Agenzia di UX e Neuromarketing","isPartOf":{"@id":"https:\/\/www.neurowebdesign.it\/it\/#website"},"datePublished":"2019-03-05T09:53:48+00:00","dateModified":"2021-10-15T12:01:52+00:00","description":"Test da remoto e test con utenti. Scopri come gli utenti interagiscono con il tuo sito o il tuo e-commerce.","breadcrumb":{"@id":"https:\/\/www.neurowebdesign.it\/it\/analisi-di-usabilita-e-user-experience\/#breadcrumb"},"inLanguage":"it-IT","potentialAction":[{"@type":"ReadAction","target":[["https:\/\/www.neurowebdesign.it\/it\/analisi-di-usabilita-e-user-experience\/"]]}]},{"@type":"BreadcrumbList","@id":"https:\/\/www.neurowebdesign.it\/it\/analisi-di-usabilita-e-user-experience\/#breadcrumb","itemListElement":[{"@type":"ListItem","position":1,"name":"Home","item":"https:\/\/www.neurowebdesign.it\/it\/"},{"@type":"ListItem","position":2,"name":"Analisi di Usabilit\u00e0 e User Experience"}]},{"@type":"WebSite","@id":"https:\/\/www.neurowebdesign.it\/it\/#website","url":"https:\/\/www.neurowebdesign.it\/it\/","name":"NeuroWebDesign","description":"Digital Emotions","potentialAction":[{"@type":"SearchAction","target":{"@type":"EntryPoint","urlTemplate":"https:\/\/www.neurowebdesign.it\/it\/?s={search_term_string}"},"query-input":{"@type":"PropertyValueSpecification","valueRequired":true,"valueName":"search_term_string"}}],"inLanguage":"it-IT"}]}},"_links":{"self":[{"href":"https:\/\/www.neurowebdesign.it\/it\/wp-json\/wp\/v2\/pages\/3893","targetHints":{"allow":["GET"]}}],"collection":[{"href":"https:\/\/www.neurowebdesign.it\/it\/wp-json\/wp\/v2\/pages"}],"about":[{"href":"https:\/\/www.neurowebdesign.it\/it\/wp-json\/wp\/v2\/types\/page"}],"author":[{"embeddable":true,"href":"https:\/\/www.neurowebdesign.it\/it\/wp-json\/wp\/v2\/users\/9"}],"replies":[{"embeddable":true,"href":"https:\/\/www.neurowebdesign.it\/it\/wp-json\/wp\/v2\/comments?post=3893"}],"version-history":[{"count":0,"href":"https:\/\/www.neurowebdesign.it\/it\/wp-json\/wp\/v2\/pages\/3893\/revisions"}],"wp:attachment":[{"href":"https:\/\/www.neurowebdesign.it\/it\/wp-json\/wp\/v2\/media?parent=3893"}],"curies":[{"name":"wp","href":"https:\/\/api.w.org\/{rel}","templated":true}]}}