{"id":7042,"date":"2021-05-18T18:45:48","date_gmt":"2021-05-18T16:45:48","guid":{"rendered":"https:\/\/www.neurowebdesign.it\/it\/?page_id=7042"},"modified":"2021-05-21T19:13:57","modified_gmt":"2021-05-21T17:13:57","slug":"neuromarketing-del-vino-erste-neue-2","status":"publish","type":"page","link":"https:\/\/www.neurowebdesign.it\/en\/italiano-neuromarketing-per-spot-tv-per-facileit\/","title":{"rendered":"(Italiano) Neuromarketing e spot tv: analisi pubblicit\u00e0 per Facile.it"},"content":{"rendered":"<p class=\"qtranxs-available-languages-message qtranxs-available-languages-message-en\">Sorry, this entry is only available in <a href=\"https:\/\/www.neurowebdesign.it\/it\/wp-json\/wp\/v2\/pages\/7042\" class=\"qtranxs-available-language-link qtranxs-available-language-link-it\" title=\"Italiano\">Italiano<\/a>.<\/p>","protected":false},"excerpt":{"rendered":"Sorry, this entry is only available in Italiano.","protected":false},"author":9,"featured_media":0,"parent":0,"menu_order":0,"comment_status":"closed","ping_status":"closed","template":"","meta":{"_acf_changed":false,"footnotes":""},"class_list":["post-7042","page","type-page","status-publish","hentry"],"acf":[],"yoast_head":"<!-- This site is optimized with the Yoast SEO plugin v26.0 - https:\/\/yoast.com\/wordpress\/plugins\/seo\/ -->\n<title>(Italiano) Neuromarketing e spot tv: analisi pubblicit\u00e0 per Facile.it<\/title>\n<meta name=\"description\" content=\"(Italiano) Cosa rende uno spot tv memorabile? Analizzare la propria pubblicit\u00e0 con gli strumenti biometrici pu\u00f2 aiutarti a capirlo.\" \/>\n<meta name=\"robots\" content=\"index, follow, max-snippet:-1, max-image-preview:large, max-video-preview:-1\" \/>\n<link rel=\"canonical\" href=\"https:\/\/www.neurowebdesign.it\/en\/italiano-neuromarketing-per-spot-tv-per-facileit\/\" \/>\n<meta name=\"twitter:card\" content=\"summary_large_image\" \/>\n<meta name=\"twitter:title\" content=\"(Italiano) Neuromarketing e spot tv: analisi pubblicit\u00e0 per Facile.it\" \/>\n<meta name=\"twitter:description\" content=\"(Italiano) Cosa rende uno spot tv memorabile? Analizzare la propria pubblicit\u00e0 con gli strumenti biometrici pu\u00f2 aiutarti a capirlo.\" \/>\n<meta name=\"twitter:label1\" content=\"Est. reading time\" \/>\n\t<meta name=\"twitter:data1\" content=\"2 minutes\" \/>\n<script type=\"application\/ld+json\" class=\"yoast-schema-graph\">{\"@context\":\"https:\/\/schema.org\",\"@graph\":[{\"@type\":\"WebPage\",\"@id\":\"https:\/\/www.neurowebdesign.it\/en\/italiano-neuromarketing-per-spot-tv-per-facileit\/\",\"url\":\"https:\/\/www.neurowebdesign.it\/en\/italiano-neuromarketing-per-spot-tv-per-facileit\/\",\"name\":\"(Italiano) Neuromarketing e spot tv: analisi pubblicit\u00e0 per Facile.it\",\"isPartOf\":{\"@id\":\"https:\/\/www.neurowebdesign.it\/en\/#website\"},\"datePublished\":\"2021-05-18T16:45:48+00:00\",\"dateModified\":\"2021-05-21T17:13:57+00:00\",\"description\":\"(Italiano) Cosa rende uno spot tv memorabile? Analizzare la propria pubblicit\u00e0 con gli strumenti biometrici pu\u00f2 aiutarti a capirlo.\",\"breadcrumb\":{\"@id\":\"https:\/\/www.neurowebdesign.it\/en\/italiano-neuromarketing-per-spot-tv-per-facileit\/#breadcrumb\"},\"inLanguage\":\"en-US\",\"potentialAction\":[{\"@type\":\"ReadAction\",\"target\":[[\"https:\/\/www.neurowebdesign.it\/en\/italiano-neuromarketing-per-spot-tv-per-facileit\/\"]]}]},{\"@type\":\"BreadcrumbList\",\"@id\":\"https:\/\/www.neurowebdesign.it\/en\/italiano-neuromarketing-per-spot-tv-per-facileit\/#breadcrumb\",\"itemListElement\":[{\"@type\":\"ListItem\",\"position\":1,\"name\":\"Home\",\"item\":\"https:\/\/www.neurowebdesign.it\/en\/\"},{\"@type\":\"ListItem\",\"position\":2,\"name\":\"(Italiano) Neuromarketing e spot tv: analisi pubblicit\u00e0 per Facile.it\"}]},{\"@type\":\"WebSite\",\"@id\":\"https:\/\/www.neurowebdesign.it\/en\/#website\",\"url\":\"https:\/\/www.neurowebdesign.it\/en\/\",\"name\":\"NeuroWebDesign\",\"description\":\"Digital Emotions\",\"potentialAction\":[{\"@type\":\"SearchAction\",\"target\":{\"@type\":\"EntryPoint\",\"urlTemplate\":\"https:\/\/www.neurowebdesign.it\/en\/?s={search_term_string}\"},\"query-input\":{\"@type\":\"PropertyValueSpecification\",\"valueRequired\":true,\"valueName\":\"search_term_string\"}}],\"inLanguage\":\"en-US\"}]}<\/script>\n<!-- \/ Yoast SEO plugin. -->","yoast_head_json":{"title":"(Italiano) Neuromarketing e spot tv: analisi pubblicit\u00e0 per Facile.it","description":"(Italiano) Cosa rende uno spot tv memorabile? Analizzare la propria pubblicit\u00e0 con gli strumenti biometrici pu\u00f2 aiutarti a capirlo.","robots":{"index":"index","follow":"follow","max-snippet":"max-snippet:-1","max-image-preview":"max-image-preview:large","max-video-preview":"max-video-preview:-1"},"canonical":"https:\/\/www.neurowebdesign.it\/en\/italiano-neuromarketing-per-spot-tv-per-facileit\/","twitter_card":"summary_large_image","twitter_title":"(Italiano) Neuromarketing e spot tv: analisi pubblicit\u00e0 per Facile.it","twitter_description":"(Italiano) Cosa rende uno spot tv memorabile? Analizzare la propria pubblicit\u00e0 con gli strumenti biometrici pu\u00f2 aiutarti a capirlo.","twitter_misc":{"Est. reading time":"2 minutes"},"schema":{"@context":"https:\/\/schema.org","@graph":[{"@type":"WebPage","@id":"https:\/\/www.neurowebdesign.it\/en\/italiano-neuromarketing-per-spot-tv-per-facileit\/","url":"https:\/\/www.neurowebdesign.it\/en\/italiano-neuromarketing-per-spot-tv-per-facileit\/","name":"(Italiano) Neuromarketing e spot tv: analisi pubblicit\u00e0 per Facile.it","isPartOf":{"@id":"https:\/\/www.neurowebdesign.it\/en\/#website"},"datePublished":"2021-05-18T16:45:48+00:00","dateModified":"2021-05-21T17:13:57+00:00","description":"(Italiano) Cosa rende uno spot tv memorabile? Analizzare la propria pubblicit\u00e0 con gli strumenti biometrici pu\u00f2 aiutarti a capirlo.","breadcrumb":{"@id":"https:\/\/www.neurowebdesign.it\/en\/italiano-neuromarketing-per-spot-tv-per-facileit\/#breadcrumb"},"inLanguage":"en-US","potentialAction":[{"@type":"ReadAction","target":[["https:\/\/www.neurowebdesign.it\/en\/italiano-neuromarketing-per-spot-tv-per-facileit\/"]]}]},{"@type":"BreadcrumbList","@id":"https:\/\/www.neurowebdesign.it\/en\/italiano-neuromarketing-per-spot-tv-per-facileit\/#breadcrumb","itemListElement":[{"@type":"ListItem","position":1,"name":"Home","item":"https:\/\/www.neurowebdesign.it\/en\/"},{"@type":"ListItem","position":2,"name":"(Italiano) Neuromarketing e spot tv: analisi pubblicit\u00e0 per Facile.it"}]},{"@type":"WebSite","@id":"https:\/\/www.neurowebdesign.it\/en\/#website","url":"https:\/\/www.neurowebdesign.it\/en\/","name":"NeuroWebDesign","description":"Digital Emotions","potentialAction":[{"@type":"SearchAction","target":{"@type":"EntryPoint","urlTemplate":"https:\/\/www.neurowebdesign.it\/en\/?s={search_term_string}"},"query-input":{"@type":"PropertyValueSpecification","valueRequired":true,"valueName":"search_term_string"}}],"inLanguage":"en-US"}]}},"_links":{"self":[{"href":"https:\/\/www.neurowebdesign.it\/en\/wp-json\/wp\/v2\/pages\/7042","targetHints":{"allow":["GET"]}}],"collection":[{"href":"https:\/\/www.neurowebdesign.it\/en\/wp-json\/wp\/v2\/pages"}],"about":[{"href":"https:\/\/www.neurowebdesign.it\/en\/wp-json\/wp\/v2\/types\/page"}],"author":[{"embeddable":true,"href":"https:\/\/www.neurowebdesign.it\/en\/wp-json\/wp\/v2\/users\/9"}],"replies":[{"embeddable":true,"href":"https:\/\/www.neurowebdesign.it\/en\/wp-json\/wp\/v2\/comments?post=7042"}],"version-history":[{"count":0,"href":"https:\/\/www.neurowebdesign.it\/en\/wp-json\/wp\/v2\/pages\/7042\/revisions"}],"wp:attachment":[{"href":"https:\/\/www.neurowebdesign.it\/en\/wp-json\/wp\/v2\/media?parent=7042"}],"curies":[{"name":"wp","href":"https:\/\/api.w.org\/{rel}","templated":true}]}}