{"id":6829,"date":"2021-03-11T16:29:23","date_gmt":"2021-03-11T15:29:23","guid":{"rendered":"https:\/\/www.neurowebdesign.it\/it\/?page_id=6829"},"modified":"2021-05-21T15:32:04","modified_gmt":"2021-05-21T13:32:04","slug":"neuromarketing-del-vino-erste-neue","status":"publish","type":"page","link":"https:\/\/www.neurowebdesign.it\/en\/italiano-neuromarketing-del-vino-studio-delle-etichette-per-ersteneue\/","title":{"rendered":"(Italiano) Neuromarketing del vino: studio delle etichette per Erste+Neue"},"content":{"rendered":"<p class=\"qtranxs-available-languages-message qtranxs-available-languages-message-en\">Sorry, this entry is only available in <a href=\"https:\/\/www.neurowebdesign.it\/it\/wp-json\/wp\/v2\/pages\/6829\" class=\"qtranxs-available-language-link qtranxs-available-language-link-it\" title=\"Italiano\">Italiano<\/a>.<\/p>","protected":false},"excerpt":{"rendered":"Sorry, this entry is only available in Italiano.","protected":false},"author":9,"featured_media":0,"parent":0,"menu_order":0,"comment_status":"closed","ping_status":"closed","template":"","meta":{"_acf_changed":false,"footnotes":""},"class_list":["post-6829","page","type-page","status-publish","hentry"],"acf":[],"yoast_head":"<!-- This site is optimized with the Yoast SEO plugin v26.0 - https:\/\/yoast.com\/wordpress\/plugins\/seo\/ -->\n<title>(Italiano) Neuromarketing del vino: studio delle etichette per Erste+Neue | NeuroWebDesign<\/title>\n<meta name=\"description\" content=\"(Italiano) Qual \u00e8 l&#039;etichetta migliore per i miei consumatori? Uno studio di neuromarketing del vino ce lo pu\u00f2 dire. L&#039;analisi condotta per Erste+Neue ne \u00e8 un esempio.\" \/>\n<meta name=\"robots\" content=\"index, follow, max-snippet:-1, max-image-preview:large, max-video-preview:-1\" \/>\n<link rel=\"canonical\" href=\"https:\/\/www.neurowebdesign.it\/en\/italiano-neuromarketing-del-vino-studio-delle-etichette-per-ersteneue\/\" \/>\n<meta name=\"twitter:card\" content=\"summary_large_image\" \/>\n<meta name=\"twitter:title\" content=\"(Italiano) Neuromarketing del vino: studio delle etichette per Erste+Neue | NeuroWebDesign\" \/>\n<meta name=\"twitter:description\" content=\"(Italiano) Qual \u00e8 l&#039;etichetta migliore per i miei consumatori? Uno studio di neuromarketing del vino ce lo pu\u00f2 dire. L&#039;analisi condotta per Erste+Neue ne \u00e8 un esempio.\" \/>\n<meta name=\"twitter:label1\" content=\"Est. reading time\" \/>\n\t<meta name=\"twitter:data1\" content=\"2 minutes\" \/>\n<script type=\"application\/ld+json\" class=\"yoast-schema-graph\">{\"@context\":\"https:\/\/schema.org\",\"@graph\":[{\"@type\":\"WebPage\",\"@id\":\"https:\/\/www.neurowebdesign.it\/en\/italiano-neuromarketing-del-vino-studio-delle-etichette-per-ersteneue\/\",\"url\":\"https:\/\/www.neurowebdesign.it\/en\/italiano-neuromarketing-del-vino-studio-delle-etichette-per-ersteneue\/\",\"name\":\"(Italiano) Neuromarketing del vino: studio delle etichette per Erste+Neue | NeuroWebDesign\",\"isPartOf\":{\"@id\":\"https:\/\/www.neurowebdesign.it\/en\/#website\"},\"datePublished\":\"2021-03-11T15:29:23+00:00\",\"dateModified\":\"2021-05-21T13:32:04+00:00\",\"description\":\"(Italiano) Qual \u00e8 l'etichetta migliore per i miei consumatori? Uno studio di neuromarketing del vino ce lo pu\u00f2 dire. L'analisi condotta per Erste+Neue ne \u00e8 un esempio.\",\"breadcrumb\":{\"@id\":\"https:\/\/www.neurowebdesign.it\/en\/italiano-neuromarketing-del-vino-studio-delle-etichette-per-ersteneue\/#breadcrumb\"},\"inLanguage\":\"en-US\",\"potentialAction\":[{\"@type\":\"ReadAction\",\"target\":[[\"https:\/\/www.neurowebdesign.it\/en\/italiano-neuromarketing-del-vino-studio-delle-etichette-per-ersteneue\/\"]]}]},{\"@type\":\"BreadcrumbList\",\"@id\":\"https:\/\/www.neurowebdesign.it\/en\/italiano-neuromarketing-del-vino-studio-delle-etichette-per-ersteneue\/#breadcrumb\",\"itemListElement\":[{\"@type\":\"ListItem\",\"position\":1,\"name\":\"Home\",\"item\":\"https:\/\/www.neurowebdesign.it\/en\/\"},{\"@type\":\"ListItem\",\"position\":2,\"name\":\"(Italiano) Neuromarketing del vino: studio delle etichette per Erste+Neue\"}]},{\"@type\":\"WebSite\",\"@id\":\"https:\/\/www.neurowebdesign.it\/en\/#website\",\"url\":\"https:\/\/www.neurowebdesign.it\/en\/\",\"name\":\"NeuroWebDesign\",\"description\":\"Digital Emotions\",\"potentialAction\":[{\"@type\":\"SearchAction\",\"target\":{\"@type\":\"EntryPoint\",\"urlTemplate\":\"https:\/\/www.neurowebdesign.it\/en\/?s={search_term_string}\"},\"query-input\":{\"@type\":\"PropertyValueSpecification\",\"valueRequired\":true,\"valueName\":\"search_term_string\"}}],\"inLanguage\":\"en-US\"}]}<\/script>\n<!-- \/ Yoast SEO plugin. -->","yoast_head_json":{"title":"(Italiano) Neuromarketing del vino: studio delle etichette per Erste+Neue | NeuroWebDesign","description":"(Italiano) Qual \u00e8 l'etichetta migliore per i miei consumatori? Uno studio di neuromarketing del vino ce lo pu\u00f2 dire. L'analisi condotta per Erste+Neue ne \u00e8 un esempio.","robots":{"index":"index","follow":"follow","max-snippet":"max-snippet:-1","max-image-preview":"max-image-preview:large","max-video-preview":"max-video-preview:-1"},"canonical":"https:\/\/www.neurowebdesign.it\/en\/italiano-neuromarketing-del-vino-studio-delle-etichette-per-ersteneue\/","twitter_card":"summary_large_image","twitter_title":"(Italiano) Neuromarketing del vino: studio delle etichette per Erste+Neue | NeuroWebDesign","twitter_description":"(Italiano) Qual \u00e8 l'etichetta migliore per i miei consumatori? Uno studio di neuromarketing del vino ce lo pu\u00f2 dire. L'analisi condotta per Erste+Neue ne \u00e8 un esempio.","twitter_misc":{"Est. reading time":"2 minutes"},"schema":{"@context":"https:\/\/schema.org","@graph":[{"@type":"WebPage","@id":"https:\/\/www.neurowebdesign.it\/en\/italiano-neuromarketing-del-vino-studio-delle-etichette-per-ersteneue\/","url":"https:\/\/www.neurowebdesign.it\/en\/italiano-neuromarketing-del-vino-studio-delle-etichette-per-ersteneue\/","name":"(Italiano) Neuromarketing del vino: studio delle etichette per Erste+Neue | NeuroWebDesign","isPartOf":{"@id":"https:\/\/www.neurowebdesign.it\/en\/#website"},"datePublished":"2021-03-11T15:29:23+00:00","dateModified":"2021-05-21T13:32:04+00:00","description":"(Italiano) Qual \u00e8 l'etichetta migliore per i miei consumatori? Uno studio di neuromarketing del vino ce lo pu\u00f2 dire. L'analisi condotta per Erste+Neue ne \u00e8 un esempio.","breadcrumb":{"@id":"https:\/\/www.neurowebdesign.it\/en\/italiano-neuromarketing-del-vino-studio-delle-etichette-per-ersteneue\/#breadcrumb"},"inLanguage":"en-US","potentialAction":[{"@type":"ReadAction","target":[["https:\/\/www.neurowebdesign.it\/en\/italiano-neuromarketing-del-vino-studio-delle-etichette-per-ersteneue\/"]]}]},{"@type":"BreadcrumbList","@id":"https:\/\/www.neurowebdesign.it\/en\/italiano-neuromarketing-del-vino-studio-delle-etichette-per-ersteneue\/#breadcrumb","itemListElement":[{"@type":"ListItem","position":1,"name":"Home","item":"https:\/\/www.neurowebdesign.it\/en\/"},{"@type":"ListItem","position":2,"name":"(Italiano) Neuromarketing del vino: studio delle etichette per Erste+Neue"}]},{"@type":"WebSite","@id":"https:\/\/www.neurowebdesign.it\/en\/#website","url":"https:\/\/www.neurowebdesign.it\/en\/","name":"NeuroWebDesign","description":"Digital Emotions","potentialAction":[{"@type":"SearchAction","target":{"@type":"EntryPoint","urlTemplate":"https:\/\/www.neurowebdesign.it\/en\/?s={search_term_string}"},"query-input":{"@type":"PropertyValueSpecification","valueRequired":true,"valueName":"search_term_string"}}],"inLanguage":"en-US"}]}},"_links":{"self":[{"href":"https:\/\/www.neurowebdesign.it\/en\/wp-json\/wp\/v2\/pages\/6829","targetHints":{"allow":["GET"]}}],"collection":[{"href":"https:\/\/www.neurowebdesign.it\/en\/wp-json\/wp\/v2\/pages"}],"about":[{"href":"https:\/\/www.neurowebdesign.it\/en\/wp-json\/wp\/v2\/types\/page"}],"author":[{"embeddable":true,"href":"https:\/\/www.neurowebdesign.it\/en\/wp-json\/wp\/v2\/users\/9"}],"replies":[{"embeddable":true,"href":"https:\/\/www.neurowebdesign.it\/en\/wp-json\/wp\/v2\/comments?post=6829"}],"version-history":[{"count":0,"href":"https:\/\/www.neurowebdesign.it\/en\/wp-json\/wp\/v2\/pages\/6829\/revisions"}],"wp:attachment":[{"href":"https:\/\/www.neurowebdesign.it\/en\/wp-json\/wp\/v2\/media?parent=6829"}],"curies":[{"name":"wp","href":"https:\/\/api.w.org\/{rel}","templated":true}]}}